 {"id":2269,"date":"2022-08-18T01:07:54","date_gmt":"2022-08-18T01:07:54","guid":{"rendered":"https:\/\/d-themes.com\/wordpress\/udesign\/dummy\/business-consulting-4\/?page_id=2269"},"modified":"2025-10-06T17:05:41","modified_gmt":"2025-10-06T14:05:41","slug":"reorganizasyon","status":"publish","type":"page","link":"https:\/\/firatcapkin.com.tr\/en\/services\/reorganizasyon\/","title":{"rendered":"Reorganization"},"content":{"rendered":"\t\t<div data-elementor-type=\"wp-page\" data-elementor-id=\"2269\" class=\"elementor elementor-2269\">\n\t\t\t\t\t\t\t<div class=\" elementor-element elementor-element-f38c7fe e-flex e-con-boxed e-con e-parent\" data-id=\"f38c7fe\" data-element_type=\"container\" data-e-type=\"container\">\n\t\t\t\t\t\t\t<div class=\"e-con-inner\">\n\t\t\t\t\t\t<div class=\"elementor-element elementor-element-ef84ee9 elementor-widget elementor-widget-n-accordion\" data-id=\"ef84ee9\" data-element_type=\"widget\" data-e-type=\"widget\" data-settings=\"{&quot;default_state&quot;:&quot;expanded&quot;,&quot;max_items_expended&quot;:&quot;one&quot;,&quot;n_accordion_animation_duration&quot;:{&quot;unit&quot;:&quot;ms&quot;,&quot;size&quot;:400,&quot;sizes&quot;:[]}}\" data-widget_type=\"nested-accordion.default\">\n\t\t\t\t<div class=\"elementor-widget-container\">\n\t\t\t\t\t\t\t<div class=\"e-n-accordion\" aria-label=\"Accordion. Open links with Enter or Space, close with Escape, and navigate with Arrow Keys\">\n\t\t\t\t\t<\/div>\n\t\t\t\t\t\t<\/div>\n\t\t\t\t<\/div>\n\t\t\t\t\t\t<\/div>\n\t\t\t\t\n\t\t\t<\/div>\n\t\t\t\t\t\t<div class=\" elementor-element elementor-element-ea9d3d4 e-flex e-con-boxed e-con e-parent\" data-id=\"ea9d3d4\" data-element_type=\"container\" data-e-type=\"container\">\n\t\t\t\t\t\t\t<div class=\"e-con-inner\">\n\t\t\t\t\t\t<div class=\"elementor-element elementor-element-4f9d101 cs70-accordion elementor-widget elementor-widget-n-accordion\" data-id=\"4f9d101\" data-element_type=\"widget\" data-e-type=\"widget\" data-settings=\"{&quot;default_state&quot;:&quot;expanded&quot;,&quot;max_items_expended&quot;:&quot;one&quot;,&quot;n_accordion_animation_duration&quot;:{&quot;unit&quot;:&quot;ms&quot;,&quot;size&quot;:400,&quot;sizes&quot;:[]}}\" data-widget_type=\"nested-accordion.default\">\n\t\t\t\t<div class=\"elementor-widget-container\">\n\t\t\t\t\t\t\t<div class=\"e-n-accordion\" aria-label=\"Accordion. Open links with Enter or Space, close with Escape, and navigate with Arrow Keys\">\n\t\t\t\t\t\t<details id=\"e-n-accordion-item-8340\" class=\"e-n-accordion-item\" open>\n\t\t\t\t<summary class=\"e-n-accordion-item-title\" data-accordion-index=\"1\" tabindex=\"0\" aria-expanded=\"true\" aria-controls=\"e-n-accordion-item-8340\" >\n\t\t\t\t\t<span class='e-n-accordion-item-title-header'><div class=\"e-n-accordion-item-title-text\"> Restructuring Sales Organizations Through the Lens of the Adizes Methodology <\/div><\/span>\n\t\t\t\t\t\t\t<span class='e-n-accordion-item-title-icon'>\n\t\t\t<span class='e-opened' ><i aria-hidden=\"true\" class=\"  a-icon-angle-down\"><\/i><\/span>\n\t\t\t<span class='e-closed'><i aria-hidden=\"true\" class=\"  a-icon-angle-right\"><\/i><\/span>\n\t\t<\/span>\n\n\t\t\t\t\t\t<\/summary>\n\t\t\t\t\t\t\t<div class=\" elementor-element elementor-element-608f7f0 e-con-full e-flex e-con e-child\" role=\"region\" aria-labelledby=\"e-n-accordion-item-8340\" data-id=\"608f7f0\" data-element_type=\"container\" data-e-type=\"container\">\n\t\t\t\t\t<div class=\"elementor-element elementor-element-40e866d elementor-widget elementor-widget-heading\" data-id=\"40e866d\" data-element_type=\"widget\" data-e-type=\"widget\" data-widget_type=\"heading.default\">\n\t\t\t\t<div class=\"elementor-widget-container\">\n\t\t\t\t\t<p class=\"elementor-heading-title elementor-size-default\">Purpose<br>\nIn increasingly complex market conditions, the goal is to strengthen the organization\u2019s decision-making reflexes, foster complementarity rather than conflict among roles, and restructure sales teams to create an environment of high alignment and high performance.<br><br>\nOur Approach: Reorganization with the Adizes Methodology<br>\nThe management science framework of Dr. Ichak Adizes demonstrates how organizations can progress healthily within the triangle of change + complexity + complementary roles.<br>\n<b>PAEI Role Analysis for Redefining Leadership and Sales Structures:<\/b><br>\n\u2022\t<b>P (Producer):<\/b> Results-oriented structures that perform under pressure.<br>\n\u2022\t<b>A (Administrator):<\/b> Systems that manage processes and establish structure.<br>\n\u2022\t<b>E (Entrepreneur):<\/b> Minds that introduce new ideas and shape the future.<br>\n\u2022\t<b>I (Integrator): <\/b>Leaders who sustain culture and keep the team cohesive.<br>\nA sales organization lacking or overemphasizing one of these four roles suffers unresolved conflicts, role ambiguities, and motivational losses.\n<\/p>\t\t\t\t<\/div>\n\t\t\t\t<\/div>\n\t\t\n\t\t\t<\/div>\n\t\t\t\t\t\t<\/details>\n\t\t\t\t\t\t<details id=\"e-n-accordion-item-8341\" class=\"e-n-accordion-item\" >\n\t\t\t\t<summary class=\"e-n-accordion-item-title\" data-accordion-index=\"2\" tabindex=\"-1\" aria-expanded=\"false\" aria-controls=\"e-n-accordion-item-8341\" >\n\t\t\t\t\t<span class='e-n-accordion-item-title-header'><div class=\"e-n-accordion-item-title-text\"> Consulting Process (for C-Level, Directors, and Sales Departments) <\/div><\/span>\n\t\t\t\t\t\t\t<span class='e-n-accordion-item-title-icon'>\n\t\t\t<span class='e-opened' ><i aria-hidden=\"true\" class=\"  a-icon-angle-down\"><\/i><\/span>\n\t\t\t<span class='e-closed'><i aria-hidden=\"true\" class=\"  a-icon-angle-right\"><\/i><\/span>\n\t\t<\/span>\n\n\t\t\t\t\t\t<\/summary>\n\t\t\t\t\t\t\t<div class=\" elementor-element elementor-element-72eb22a e-con-full e-flex e-con e-child\" role=\"region\" aria-labelledby=\"e-n-accordion-item-8341\" data-id=\"72eb22a\" data-element_type=\"container\" data-e-type=\"container\">\n\t\t\t\t\t<div class=\"elementor-element elementor-element-d55d95c elementor-widget elementor-widget-heading\" data-id=\"d55d95c\" data-element_type=\"widget\" data-e-type=\"widget\" data-widget_type=\"heading.default\">\n\t\t\t\t<div class=\"elementor-widget-container\">\n\t\t\t\t\t<p class=\"elementor-heading-title elementor-size-default\">1. Diagnosis \u2013 Organizational Check-Up<br>\n\u2022\tPAEI analysis of sales departments<br>\n\u2022\tStrategic role distribution at management levels<br>\n\u2022\tMapping role conflicts and \u201cblind spots\u201d<br>\n2. Structuring \u2013 Role-Based Organizational Modeling<br>\n\u2022\tFunctional rather than hierarchical restructuring<br>\n\u2022\tStreamlining of decision-making processes<br>\n\u2022\tSynchronization across departments<br>\n3. Reorganization at the Human and Team Level<br>\n\u2022\tRight person\u2013right role matching (PAEI alignment)<br>\n\u2022\tCompetency mapping and rewriting of job descriptions<br>\n\u2022\tTeam designs based on complementarity and synergy<br>\n4. Training and Coaching \u2013 Field Application of Transformation<br>\n\u2022\tAdizes-based leadership development for sales managers<br>\n\u2022\tField modules on inter-team communication, performance management, and motivation<br>\n\u2022\tShadowing and coaching-based application process<br>\n\nKey Outcomes<br>\n\u2022\tStrategic alignment and operational flexibility<br>\n\u2022\tA management culture based on roles rather than individuals<br>\n\u2022\tStronger bridges between the field and top management<br>\n\u2022\tRole balance and team cohesion for sustainable growth<br>\n\u2022\tInstitutionalization of the mindset: \u201cA sales organization is a system, not an individual dependency.\u201d<br><br>\nTarget Audience<br>\n\u2022\tC-Level executives (CEO, GM, COO)<br>\n\u2022\tSales Directors and Regional Managers<br>\n\u2022\tCompanies undergoing organizational transformation<br>\n\u2022\tFast-growing structures in the process of institutionalization<br>\n\u2022\tFamily businesses managing generational transitions<br><br>\n\n<b>Consultant:<\/b> F\u0131rat \u00c7apk\u0131n<br>\nHas implemented organizational restructuring projects in over 500 companies. Possesses extensive field experience in one-to-one coaching with executives, sales force architecture, and cultural transformation.\n<\/p>\t\t\t\t<\/div>\n\t\t\t\t<\/div>\n\t\t\n\t\t\t<\/div>\n\t\t\t\t\t\t<\/details>\n\t\t\t\t\t<\/div>\n\t\t\t\t\t\t<\/div>\n\t\t\t\t<\/div>\n\t\t\t\t\t\t<\/div>\n\t\t\t\t\n\t\t\t<\/div>\n\t\t\t\t\t<\/div>\n\t\t","protected":false},"excerpt":{"rendered":"<p>Restructuring Sales Organizations Through the Lens of the Adizes Methodology Purpose In increasingly complex market conditions, the goal is to strengthen the organization\u2019s decision-making reflexes, foster complementarity rather than conflict among roles, and restructure sales teams to create an environment of high alignment and high performance. Our Approach: Reorganization with the Adizes Methodology The management [&hellip;]<\/p>\n","protected":false},"author":1,"featured_media":0,"parent":123,"menu_order":0,"comment_status":"closed","ping_status":"closed","template":"","meta":{"_acf_changed":false,"footnotes":""},"class_list":["post-2269","page","type-page","status-publish","hentry"],"acf":[],"_links":{"self":[{"href":"https:\/\/firatcapkin.com.tr\/en\/wp-json\/wp\/v2\/pages\/2269","targetHints":{"allow":["GET"]}}],"collection":[{"href":"https:\/\/firatcapkin.com.tr\/en\/wp-json\/wp\/v2\/pages"}],"about":[{"href":"https:\/\/firatcapkin.com.tr\/en\/wp-json\/wp\/v2\/types\/page"}],"author":[{"embeddable":true,"href":"https:\/\/firatcapkin.com.tr\/en\/wp-json\/wp\/v2\/users\/1"}],"replies":[{"embeddable":true,"href":"https:\/\/firatcapkin.com.tr\/en\/wp-json\/wp\/v2\/comments?post=2269"}],"version-history":[{"count":23,"href":"https:\/\/firatcapkin.com.tr\/en\/wp-json\/wp\/v2\/pages\/2269\/revisions"}],"predecessor-version":[{"id":13237,"href":"https:\/\/firatcapkin.com.tr\/en\/wp-json\/wp\/v2\/pages\/2269\/revisions\/13237"}],"up":[{"embeddable":true,"href":"https:\/\/firatcapkin.com.tr\/en\/wp-json\/wp\/v2\/pages\/123"}],"wp:attachment":[{"href":"https:\/\/firatcapkin.com.tr\/en\/wp-json\/wp\/v2\/media?parent=2269"}],"curies":[{"name":"wp","href":"https:\/\/api.w.org\/{rel}","templated":true}]}}