 {"id":2284,"date":"2022-08-18T01:10:53","date_gmt":"2022-08-18T01:10:53","guid":{"rendered":"https:\/\/d-themes.com\/wordpress\/udesign\/dummy\/business-consulting-4\/?page_id=2284"},"modified":"2025-10-06T16:22:12","modified_gmt":"2025-10-06T13:22:12","slug":"egitimler","status":"publish","type":"page","link":"https:\/\/firatcapkin.com.tr\/en\/services\/egitimler\/","title":{"rendered":"Trainings"},"content":{"rendered":"\t\t<div data-elementor-type=\"wp-page\" data-elementor-id=\"2284\" class=\"elementor elementor-2284\">\n\t\t\t\t\t\t\t<div class=\" elementor-element elementor-element-2b1fecc e-flex e-con-boxed e-con e-parent\" data-stretch=\"full\" data-stretch-width=\"0\" data-id=\"2b1fecc\" data-element_type=\"container\" data-e-type=\"container\">\n\t\t\t\t\t\t\t<div class=\"e-con-inner\">\n\t\t\t\t\t\t<div class=\"elementor-element elementor-element-ab0412c cs70-accordion elementor-widget elementor-widget-n-accordion\" data-id=\"ab0412c\" data-element_type=\"widget\" data-e-type=\"widget\" data-settings=\"{&quot;default_state&quot;:&quot;expanded&quot;,&quot;max_items_expended&quot;:&quot;one&quot;,&quot;n_accordion_animation_duration&quot;:{&quot;unit&quot;:&quot;ms&quot;,&quot;size&quot;:400,&quot;sizes&quot;:[]}}\" data-widget_type=\"nested-accordion.default\">\n\t\t\t\t<div class=\"elementor-widget-container\">\n\t\t\t\t\t\t\t<div class=\"e-n-accordion\" aria-label=\"Accordion. Open links with Enter or Space, close with Escape, and navigate with Arrow Keys\">\n\t\t\t\t\t\t<details id=\"e-n-accordion-item-1790\" class=\"e-n-accordion-item\" open>\n\t\t\t\t<summary class=\"e-n-accordion-item-title\" data-accordion-index=\"1\" tabindex=\"0\" aria-expanded=\"true\" aria-controls=\"e-n-accordion-item-1790\" >\n\t\t\t\t\t<span class='e-n-accordion-item-title-header'><div class=\"e-n-accordion-item-title-text\"> Management \u2013 Mentorship and Leadership Training <\/div><\/span>\n\t\t\t\t\t\t\t<span class='e-n-accordion-item-title-icon'>\n\t\t\t<span class='e-opened' ><i aria-hidden=\"true\" class=\"  a-icon-angle-down\"><\/i><\/span>\n\t\t\t<span class='e-closed'><i aria-hidden=\"true\" class=\"  a-icon-angle-right\"><\/i><\/span>\n\t\t<\/span>\n\n\t\t\t\t\t\t<\/summary>\n\t\t\t\t\t\t\t<div class=\" elementor-element elementor-element-4f8d179 e-con-full e-flex e-con e-child\" role=\"region\" aria-labelledby=\"e-n-accordion-item-1790\" data-id=\"4f8d179\" data-element_type=\"container\" data-e-type=\"container\">\n\t\t\t\t\t<div class=\"elementor-element elementor-element-f248734 elementor-icon-list--layout-traditional elementor-widget elementor-widget-udesign_widget_iconlist\" data-id=\"f248734\" data-element_type=\"widget\" data-e-type=\"widget\" data-widget_type=\"udesign_widget_iconlist.default\">\n\t\t\t\t<div class=\"elementor-widget-container\">\n\t\t\t\t\t<ul class=\"elementor-icon-list-items\">\n\t\t\t<li class=\"elementor-icon-list-item elementor-repeater-item-bd390da\">\n\t\t\t\t\t\t\t<span class=\"elementor-icon-list-icon\">\n\t\t\t\t<i aria-hidden=\"true\" class=\"a-icon-check\"><\/i>\t\t\t\t<\/span>\n\t\t\t\t\t\t<span class=\"elementor-icon-list-text\">Fundamentals of Management Skills<\/span>\n\t\t\t\t\t\t\t\t<\/li>\n\t\t\t\t<li class=\"elementor-icon-list-item elementor-repeater-item-505cb1a\">\n\t\t\t\t\t\t\t<span class=\"elementor-icon-list-icon\">\n\t\t\t\t<i aria-hidden=\"true\" class=\"a-icon-check\"><\/i>\t\t\t\t<\/span>\n\t\t\t\t\t\t<span class=\"elementor-icon-list-text\">Change Management and Organizational Restructuring<\/span>\n\t\t\t\t\t\t\t\t<\/li>\n\t\t\t\t<li class=\"elementor-icon-list-item elementor-repeater-item-9e81598\">\n\t\t\t\t\t\t\t<span class=\"elementor-icon-list-icon\">\n\t\t\t\t<i aria-hidden=\"true\" class=\"a-icon-check\"><\/i>\t\t\t\t<\/span>\n\t\t\t\t\t\t<span class=\"elementor-icon-list-text\">De\u011fi\u015fim Y\u00f6netimi ve Yeniden Yap\u0131lanma<\/span>\n\t\t\t\t\t\t\t\t<\/li>\n\t\t\t\t<li class=\"elementor-icon-list-item elementor-repeater-item-7b94194\">\n\t\t\t\t\t\t\t<span class=\"elementor-icon-list-icon\">\n\t\t\t\t<i aria-hidden=\"true\" class=\"a-icon-check\"><\/i>\t\t\t\t<\/span>\n\t\t\t\t\t\t<span class=\"elementor-icon-list-text\">Renewing Organizational Structures<\/span>\n\t\t\t\t\t\t\t\t<\/li>\n\t\t\t\t<li class=\"elementor-icon-list-item elementor-repeater-item-1c96ede\">\n\t\t\t\t\t\t\t<span class=\"elementor-icon-list-icon\">\n\t\t\t\t<i aria-hidden=\"true\" class=\"a-icon-check\"><\/i>\t\t\t\t<\/span>\n\t\t\t\t\t\t<span class=\"elementor-icon-list-text\">From Management to Leadership and Coaching<\/span>\n\t\t\t\t\t\t\t\t<\/li>\n\t\t\t\t<li class=\"elementor-icon-list-item elementor-repeater-item-321834b\">\n\t\t\t\t\t\t\t<span class=\"elementor-icon-list-icon\">\n\t\t\t\t<i aria-hidden=\"true\" class=\"a-icon-check\"><\/i>\t\t\t\t<\/span>\n\t\t\t\t\t\t<span class=\"elementor-icon-list-text\">Effective Team Management<\/span>\n\t\t\t\t\t\t\t\t<\/li>\n\t\t\t\t<li class=\"elementor-icon-list-item elementor-repeater-item-56a8409\">\n\t\t\t\t\t\t\t<span class=\"elementor-icon-list-icon\">\n\t\t\t\t<i aria-hidden=\"true\" class=\"a-icon-check\"><\/i>\t\t\t\t<\/span>\n\t\t\t\t\t\t<span class=\"elementor-icon-list-text\">Projelerde Ekip Kurma ve Y\u00f6netme<\/span>\n\t\t\t\t\t\t\t\t<\/li>\n\t\t<\/ul>\n\t\t\t\t<\/div>\n\t\t\t\t<\/div>\n\t\t\n\t\t\t<\/div>\n\t\t\t\t\t\t<\/details>\n\t\t\t\t\t\t<details id=\"e-n-accordion-item-1791\" class=\"e-n-accordion-item\" >\n\t\t\t\t<summary class=\"e-n-accordion-item-title\" data-accordion-index=\"2\" tabindex=\"-1\" aria-expanded=\"false\" aria-controls=\"e-n-accordion-item-1791\" >\n\t\t\t\t\t<span class='e-n-accordion-item-title-header'><div class=\"e-n-accordion-item-title-text\"> Marketing and Sales Training <\/div><\/span>\n\t\t\t\t\t\t\t<span class='e-n-accordion-item-title-icon'>\n\t\t\t<span class='e-opened' ><i aria-hidden=\"true\" class=\"  a-icon-angle-down\"><\/i><\/span>\n\t\t\t<span class='e-closed'><i aria-hidden=\"true\" class=\"  a-icon-angle-right\"><\/i><\/span>\n\t\t<\/span>\n\n\t\t\t\t\t\t<\/summary>\n\t\t\t\t\t\t\t<div class=\" elementor-element elementor-element-af2422f e-con-full e-flex e-con e-child\" role=\"region\" aria-labelledby=\"e-n-accordion-item-1791\" data-id=\"af2422f\" data-element_type=\"container\" data-e-type=\"container\">\n\t\t\t\t\t<div class=\"elementor-element elementor-element-59e5811 elementor-icon-list--layout-traditional elementor-widget elementor-widget-udesign_widget_iconlist\" data-id=\"59e5811\" data-element_type=\"widget\" data-e-type=\"widget\" data-widget_type=\"udesign_widget_iconlist.default\">\n\t\t\t\t<div class=\"elementor-widget-container\">\n\t\t\t\t\t<ul class=\"elementor-icon-list-items\">\n\t\t\t<li class=\"elementor-icon-list-item elementor-repeater-item-d81d38b\">\n\t\t\t\t\t\t\t<span class=\"elementor-icon-list-icon\">\n\t\t\t\t<i aria-hidden=\"true\" class=\"a-icon-check\"><\/i>\t\t\t\t<\/span>\n\t\t\t\t\t\t<span class=\"elementor-icon-list-text\">Integrated Marketing Management<\/span>\n\t\t\t\t\t\t\t\t<\/li>\n\t\t\t\t<li class=\"elementor-icon-list-item elementor-repeater-item-49ea22a\">\n\t\t\t\t\t\t\t<span class=\"elementor-icon-list-icon\">\n\t\t\t\t<i aria-hidden=\"true\" class=\"a-icon-check\"><\/i>\t\t\t\t<\/span>\n\t\t\t\t\t\t<span class=\"elementor-icon-list-text\">Professional Sales Skills<\/span>\n\t\t\t\t\t\t\t\t<\/li>\n\t\t\t\t<li class=\"elementor-icon-list-item elementor-repeater-item-ae0525f\">\n\t\t\t\t\t\t\t<span class=\"elementor-icon-list-icon\">\n\t\t\t\t<i aria-hidden=\"true\" class=\"a-icon-check\"><\/i>\t\t\t\t<\/span>\n\t\t\t\t\t\t<span class=\"elementor-icon-list-text\">Marketing or Selling?<\/span>\n\t\t\t\t\t\t\t\t<\/li>\n\t\t\t\t<li class=\"elementor-icon-list-item elementor-repeater-item-b31829a\">\n\t\t\t\t\t\t\t<span class=\"elementor-icon-list-icon\">\n\t\t\t\t<i aria-hidden=\"true\" class=\"a-icon-check\"><\/i>\t\t\t\t<\/span>\n\t\t\t\t\t\t<span class=\"elementor-icon-list-text\">Building and Managing Sales Teams<\/span>\n\t\t\t\t\t\t\t\t<\/li>\n\t\t\t\t<li class=\"elementor-icon-list-item elementor-repeater-item-a19fee1\">\n\t\t\t\t\t\t\t<span class=\"elementor-icon-list-icon\">\n\t\t\t\t<i aria-hidden=\"true\" class=\"a-icon-check\"><\/i>\t\t\t\t<\/span>\n\t\t\t\t\t\t<span class=\"elementor-icon-list-text\">Sales for Non-Sales Professionals<\/span>\n\t\t\t\t\t\t\t\t<\/li>\n\t\t\t\t<li class=\"elementor-icon-list-item elementor-repeater-item-ce99f5f\">\n\t\t\t\t\t\t\t<span class=\"elementor-icon-list-icon\">\n\t\t\t\t<i aria-hidden=\"true\" class=\"a-icon-check\"><\/i>\t\t\t\t<\/span>\n\t\t\t\t\t\t<span class=\"elementor-icon-list-text\">Performance Management in Collections for Salespeople<\/span>\n\t\t\t\t\t\t\t\t<\/li>\n\t\t\t\t<li class=\"elementor-icon-list-item elementor-repeater-item-646a2a0\">\n\t\t\t\t\t\t\t<span class=\"elementor-icon-list-icon\">\n\t\t\t\t<i aria-hidden=\"true\" class=\"a-icon-check\"><\/i>\t\t\t\t<\/span>\n\t\t\t\t\t\t<span class=\"elementor-icon-list-text\">Sales Tactics for Retailers<\/span>\n\t\t\t\t\t\t\t\t<\/li>\n\t\t\t\t<li class=\"elementor-icon-list-item elementor-repeater-item-992ea6b\">\n\t\t\t\t\t\t\t<span class=\"elementor-icon-list-icon\">\n\t\t\t\t<i aria-hidden=\"true\" class=\"a-icon-check\"><\/i>\t\t\t\t<\/span>\n\t\t\t\t\t\t<span class=\"elementor-icon-list-text\">Sales Tactics for Fast-Moving Consumer Goods (FMCG)<\/span>\n\t\t\t\t\t\t\t\t<\/li>\n\t\t\t\t<li class=\"elementor-icon-list-item elementor-repeater-item-8ca72a9\">\n\t\t\t\t\t\t\t<span class=\"elementor-icon-list-icon\">\n\t\t\t\t<i aria-hidden=\"true\" class=\"a-icon-check\"><\/i>\t\t\t\t<\/span>\n\t\t\t\t\t\t<span class=\"elementor-icon-list-text\">Corporate One-to-One Sales and Service Development<\/span>\n\t\t\t\t\t\t\t\t<\/li>\n\t\t\t\t<li class=\"elementor-icon-list-item elementor-repeater-item-89c3856\">\n\t\t\t\t\t\t\t<span class=\"elementor-icon-list-icon\">\n\t\t\t\t<i aria-hidden=\"true\" class=\"a-icon-check\"><\/i>\t\t\t\t<\/span>\n\t\t\t\t\t\t<span class=\"elementor-icon-list-text\">Sales Competencies in Wholesale Trade<\/span>\n\t\t\t\t\t\t\t\t<\/li>\n\t\t\t\t<li class=\"elementor-icon-list-item elementor-repeater-item-813b352\">\n\t\t\t\t\t\t\t<span class=\"elementor-icon-list-icon\">\n\t\t\t\t<i aria-hidden=\"true\" class=\"a-icon-check\"><\/i>\t\t\t\t<\/span>\n\t\t\t\t\t\t<span class=\"elementor-icon-list-text\">The Impact of Advertising and Public Relations on Sales<\/span>\n\t\t\t\t\t\t\t\t<\/li>\n\t\t\t\t<li class=\"elementor-icon-list-item elementor-repeater-item-5e31906\">\n\t\t\t\t\t\t\t<span class=\"elementor-icon-list-icon\">\n\t\t\t\t<i aria-hidden=\"true\" class=\"a-icon-check\"><\/i>\t\t\t\t<\/span>\n\t\t\t\t\t\t<span class=\"elementor-icon-list-text\">Customer Relationship Management for Sales Support Services<\/span>\n\t\t\t\t\t\t\t\t<\/li>\n\t\t\t\t<li class=\"elementor-icon-list-item elementor-repeater-item-2b3fe81\">\n\t\t\t\t\t\t\t<span class=\"elementor-icon-list-icon\">\n\t\t\t\t<i aria-hidden=\"true\" class=\"a-icon-check\"><\/i>\t\t\t\t<\/span>\n\t\t\t\t\t\t<span class=\"elementor-icon-list-text\">Portfolio Management<\/span>\n\t\t\t\t\t\t\t\t<\/li>\n\t\t\t\t<li class=\"elementor-icon-list-item elementor-repeater-item-e818d00\">\n\t\t\t\t\t\t\t<span class=\"elementor-icon-list-icon\">\n\t\t\t\t<i aria-hidden=\"true\" class=\"a-icon-check\"><\/i>\t\t\t\t<\/span>\n\t\t\t\t\t\t<span class=\"elementor-icon-list-text\">Dealer\/Distributor Management<\/span>\n\t\t\t\t\t\t\t\t<\/li>\n\t\t\t\t<li class=\"elementor-icon-list-item elementor-repeater-item-d4ae93d\">\n\t\t\t\t\t\t\t<span class=\"elementor-icon-list-icon\">\n\t\t\t\t<i aria-hidden=\"true\" class=\"a-icon-check\"><\/i>\t\t\t\t<\/span>\n\t\t\t\t\t\t<span class=\"elementor-icon-list-text\">Aggressive Sales Strategies<\/span>\n\t\t\t\t\t\t\t\t<\/li>\n\t\t\t\t<li class=\"elementor-icon-list-item elementor-repeater-item-c0bcdd4\">\n\t\t\t\t\t\t\t<span class=\"elementor-icon-list-icon\">\n\t\t\t\t<i aria-hidden=\"true\" class=\"a-icon-check\"><\/i>\t\t\t\t<\/span>\n\t\t\t\t\t\t<span class=\"elementor-icon-list-text\">Effective Telephone Sales for Call Centers<\/span>\n\t\t\t\t\t\t\t\t<\/li>\n\t\t\t\t<li class=\"elementor-icon-list-item elementor-repeater-item-2b7189b\">\n\t\t\t\t\t\t\t<span class=\"elementor-icon-list-icon\">\n\t\t\t\t<i aria-hidden=\"true\" class=\"a-icon-check\"><\/i>\t\t\t\t<\/span>\n\t\t\t\t\t\t<span class=\"elementor-icon-list-text\">Media-Based \u201cTV Shopping\u201d Tele-Sales<\/span>\n\t\t\t\t\t\t\t\t<\/li>\n\t\t\t\t<li class=\"elementor-icon-list-item elementor-repeater-item-ce8dc60\">\n\t\t\t\t\t\t\t<span class=\"elementor-icon-list-icon\">\n\t\t\t\t<i aria-hidden=\"true\" class=\"a-icon-check\"><\/i>\t\t\t\t<\/span>\n\t\t\t\t\t\t<span class=\"elementor-icon-list-text\">Negotiation Skills for Sales Professionals<\/span>\n\t\t\t\t\t\t\t\t<\/li>\n\t\t<\/ul>\n\t\t\t\t<\/div>\n\t\t\t\t<\/div>\n\t\t\n\t\t\t<\/div>\n\t\t\t\t\t\t<\/details>\n\t\t\t\t\t\t<details id=\"e-n-accordion-item-1792\" class=\"e-n-accordion-item\" >\n\t\t\t\t<summary class=\"e-n-accordion-item-title\" data-accordion-index=\"3\" tabindex=\"-1\" aria-expanded=\"false\" aria-controls=\"e-n-accordion-item-1792\" >\n\t\t\t\t\t<span class='e-n-accordion-item-title-header'><div class=\"e-n-accordion-item-title-text\"> Individual Executive Mentorship <\/div><\/span>\n\t\t\t\t\t\t\t<span class='e-n-accordion-item-title-icon'>\n\t\t\t<span class='e-opened' ><i aria-hidden=\"true\" class=\"  a-icon-angle-down\"><\/i><\/span>\n\t\t\t<span class='e-closed'><i aria-hidden=\"true\" class=\"  a-icon-angle-right\"><\/i><\/span>\n\t\t<\/span>\n\n\t\t\t\t\t\t<\/summary>\n\t\t\t\t\t\t\t<div class=\" elementor-element elementor-element-2d2a354 e-con-full e-flex e-con e-child\" role=\"region\" aria-labelledby=\"e-n-accordion-item-1792\" data-id=\"2d2a354\" data-element_type=\"container\" data-e-type=\"container\">\n\t\t\t\t\t<div class=\"elementor-element elementor-element-7530989 elementor-icon-list--layout-traditional elementor-widget elementor-widget-udesign_widget_iconlist\" data-id=\"7530989\" data-element_type=\"widget\" data-e-type=\"widget\" data-widget_type=\"udesign_widget_iconlist.default\">\n\t\t\t\t<div class=\"elementor-widget-container\">\n\t\t\t\t\t<ul class=\"elementor-icon-list-items\">\n\t\t\t<li class=\"elementor-icon-list-item elementor-repeater-item-bbb0085\">\n\t\t\t\t\t\t\t<span class=\"elementor-icon-list-icon\">\n\t\t\t\t<i aria-hidden=\"true\" class=\"a-icon-check\"><\/i>\t\t\t\t<\/span>\n\t\t\t\t\t\t<span class=\"elementor-icon-list-text\">D&F provides tailor-made executive development and training programs for company owners, senior executives, and future leaders, designed in accordance with both individual and corporate needs, and delivered through the internationally renowned Adizes methodology.<\/span>\n\t\t\t\t\t\t\t\t<\/li>\n\t\t\t\t<li class=\"elementor-icon-list-item elementor-repeater-item-85a3387\">\n\t\t\t\t\t\t\t<span class=\"elementor-icon-list-icon\">\n\t\t\t\t<i aria-hidden=\"true\" class=\"a-icon-check\"><\/i>\t\t\t\t<\/span>\n\t\t\t\t\t\t<span class=\"elementor-icon-list-text\">In accordance with company principles, the specific details of our executive mentorship programs remain confidential.<\/span>\n\t\t\t\t\t\t\t\t<\/li>\n\t\t<\/ul>\n\t\t\t\t<\/div>\n\t\t\t\t<\/div>\n\t\t\n\t\t\t<\/div>\n\t\t\t\t\t\t<\/details>\n\t\t\t\t\t\t<details id=\"e-n-accordion-item-1793\" class=\"e-n-accordion-item\" >\n\t\t\t\t<summary class=\"e-n-accordion-item-title\" data-accordion-index=\"4\" tabindex=\"-1\" aria-expanded=\"false\" aria-controls=\"e-n-accordion-item-1793\" >\n\t\t\t\t\t<span class='e-n-accordion-item-title-header'><div class=\"e-n-accordion-item-title-text\"> Personal Development Training <\/div><\/span>\n\t\t\t\t\t\t\t<span class='e-n-accordion-item-title-icon'>\n\t\t\t<span class='e-opened' ><i aria-hidden=\"true\" class=\"  a-icon-angle-down\"><\/i><\/span>\n\t\t\t<span class='e-closed'><i aria-hidden=\"true\" class=\"  a-icon-angle-right\"><\/i><\/span>\n\t\t<\/span>\n\n\t\t\t\t\t\t<\/summary>\n\t\t\t\t\t\t\t<div class=\" elementor-element elementor-element-80401f2 e-flex e-con-boxed e-con e-child\" role=\"region\" aria-labelledby=\"e-n-accordion-item-1793\" data-id=\"80401f2\" data-element_type=\"container\" data-e-type=\"container\">\n\t\t\t\t\t\t\t<div class=\"e-con-inner\">\n\t\t\t\t\t\t<div class=\"elementor-element elementor-element-0008cb6 elementor-icon-list--layout-traditional elementor-widget elementor-widget-udesign_widget_iconlist\" data-id=\"0008cb6\" data-element_type=\"widget\" data-e-type=\"widget\" data-widget_type=\"udesign_widget_iconlist.default\">\n\t\t\t\t<div class=\"elementor-widget-container\">\n\t\t\t\t\t<ul class=\"elementor-icon-list-items\">\n\t\t\t<li class=\"elementor-icon-list-item elementor-repeater-item-1604983\">\n\t\t\t\t\t\t\t<span class=\"elementor-icon-list-icon\">\n\t\t\t\t<i aria-hidden=\"true\" class=\"a-icon-check\"><\/i>\t\t\t\t<\/span>\n\t\t\t\t\t\t<span class=\"elementor-icon-list-text\">Negotiation Skills \u2192 Structured around stakeholder analysis, BATNA, ZOPA, negotiation styles, and perception management.<\/span>\n\t\t\t\t\t\t\t\t<\/li>\n\t\t\t\t<li class=\"elementor-icon-list-item elementor-repeater-item-b329e46\">\n\t\t\t\t\t\t\t<span class=\"elementor-icon-list-icon\">\n\t\t\t\t<i aria-hidden=\"true\" class=\"a-icon-check\"><\/i>\t\t\t\t<\/span>\n\t\t\t\t\t\t<span class=\"elementor-icon-list-text\">Proactive Behavior and Foresight Development \u2192 Based on Elisabeth K\u00fcbler-Ross\u2019s change model, focusing on behavioral transformation at the individual level.<\/span>\n\t\t\t\t\t\t\t\t<\/li>\n\t\t\t\t<li class=\"elementor-icon-list-item elementor-repeater-item-13bea02\">\n\t\t\t\t\t\t\t<span class=\"elementor-icon-list-icon\">\n\t\t\t\t<i aria-hidden=\"true\" class=\"a-icon-check\"><\/i>\t\t\t\t<\/span>\n\t\t\t\t\t\t<span class=\"elementor-icon-list-text\">Decision-Making and Conflict Management \u2192 Interactive studies on how to make effective decisions, particularly in moments of leadership crises or team conflict.<\/span>\n\t\t\t\t\t\t\t\t<\/li>\n\t\t\t\t<li class=\"elementor-icon-list-item elementor-repeater-item-d31a59c\">\n\t\t\t\t\t\t\t<span class=\"elementor-icon-list-icon\">\n\t\t\t\t<i aria-hidden=\"true\" class=\"a-icon-check\"><\/i>\t\t\t\t<\/span>\n\t\t\t\t\t\t<span class=\"elementor-icon-list-text\">Rhetoric and Effective Presentation Skills \u2192 Mastery of stage presence, voice\u2013breath\u2013body language control, narrative structuring, and persuasive communication in public speaking.<\/span>\n\t\t\t\t\t\t\t\t<\/li>\n\t\t\t\t<li class=\"elementor-icon-list-item elementor-repeater-item-69e9741\">\n\t\t\t\t\t\t\t<span class=\"elementor-icon-list-icon\">\n\t\t\t\t<i aria-hidden=\"true\" class=\"a-icon-check\"><\/i>\t\t\t\t<\/span>\n\t\t\t\t\t\t<span class=\"elementor-icon-list-text\">Train the Trainer \u2192 Internal trainer development, learning methodologies, adult learning principles, and creative training techniques.<\/span>\n\t\t\t\t\t\t\t\t<\/li>\n\t\t\t\t<li class=\"elementor-icon-list-item elementor-repeater-item-5fcf122\">\n\t\t\t\t\t\t\t<span class=\"elementor-icon-list-icon\">\n\t\t\t\t<i aria-hidden=\"true\" class=\"a-icon-check\"><\/i>\t\t\t\t<\/span>\n\t\t\t\t\t\t<span class=\"elementor-icon-list-text\">Collaboration and Relationship Management \u2192 Practical modules on building inter-team synergy, fostering trust, enhancing social intelligence, and developing empathy.<\/span>\n\t\t\t\t\t\t\t\t<\/li>\n\t\t\t\t<li class=\"elementor-icon-list-item elementor-repeater-item-4967b2c\">\n\t\t\t\t\t\t\t<span class=\"elementor-icon-list-icon\">\n\t\t\t\t<i aria-hidden=\"true\" class=\"a-icon-check\"><\/i>\t\t\t\t<\/span>\n\t\t\t\t\t\t<span class=\"elementor-icon-list-text\">Personal Branding and Professional Image (optional module) \u2192 Constructing a professional stance based on authenticity through self-image, digital visibility, reputation management, and credibility.<\/span>\n\t\t\t\t\t\t\t\t<\/li>\n\t\t<\/ul>\n\t\t\t\t<\/div>\n\t\t\t\t<\/div>\n\t\t\t\t\t\t<\/div>\n\t\t\t\t\n\t\t\t<\/div>\n\t\t\t\t\t\t<\/details>\n\t\t\t\t\t<\/div>\n\t\t\t\t\t\t<\/div>\n\t\t\t\t<\/div>\n\t\t\t\t<div class=\"elementor-element elementor-element-897eb30 elementor-widget__width-auto elementor-widget elementor-widget-udesign_widget_button\" data-id=\"897eb30\" data-element_type=\"widget\" data-e-type=\"widget\" data-widget_type=\"udesign_widget_button.default\">\n\t\t\t\t<div class=\"elementor-widget-container\">\n\t\t\t\t\t<a class=\"btn btn-md btn-icon btn-icon-right btn-slide-right\" href=\"https:\/\/firatcapkin.com.tr\/en\/contact-us\/\" ><span >Contact Form<\/span><i class=\"  u-icon-long-arrow-right\"><\/i><\/a>\t\t\t\t<\/div>\n\t\t\t\t<\/div>\n\t\t\t\t\t\t<\/div>\n\t\t\t\t\n\t\t\t<\/div>\n\t\t\t\t\t<\/div>\n\t\t","protected":false},"excerpt":{"rendered":"<p>Management \u2013 Mentorship and Leadership Training Fundamentals of Management Skills Change Management and Organizational Restructuring De\u011fi\u015fim Y\u00f6netimi ve Yeniden Yap\u0131lanma Renewing Organizational Structures From Management to Leadership and Coaching Effective Team Management Projelerde Ekip Kurma ve Y\u00f6netme Marketing and Sales Training Integrated Marketing Management Professional Sales Skills Marketing or Selling? Building and Managing Sales Teams [&hellip;]<\/p>\n","protected":false},"author":1,"featured_media":0,"parent":123,"menu_order":0,"comment_status":"closed","ping_status":"closed","template":"","meta":{"_acf_changed":false,"footnotes":""},"class_list":["post-2284","page","type-page","status-publish","hentry"],"acf":[],"_links":{"self":[{"href":"https:\/\/firatcapkin.com.tr\/en\/wp-json\/wp\/v2\/pages\/2284","targetHints":{"allow":["GET"]}}],"collection":[{"href":"https:\/\/firatcapkin.com.tr\/en\/wp-json\/wp\/v2\/pages"}],"about":[{"href":"https:\/\/firatcapkin.com.tr\/en\/wp-json\/wp\/v2\/types\/page"}],"author":[{"embeddable":true,"href":"https:\/\/firatcapkin.com.tr\/en\/wp-json\/wp\/v2\/users\/1"}],"replies":[{"embeddable":true,"href":"https:\/\/firatcapkin.com.tr\/en\/wp-json\/wp\/v2\/comments?post=2284"}],"version-history":[{"count":33,"href":"https:\/\/firatcapkin.com.tr\/en\/wp-json\/wp\/v2\/pages\/2284\/revisions"}],"predecessor-version":[{"id":13186,"href":"https:\/\/firatcapkin.com.tr\/en\/wp-json\/wp\/v2\/pages\/2284\/revisions\/13186"}],"up":[{"embeddable":true,"href":"https:\/\/firatcapkin.com.tr\/en\/wp-json\/wp\/v2\/pages\/123"}],"wp:attachment":[{"href":"https:\/\/firatcapkin.com.tr\/en\/wp-json\/wp\/v2\/media?parent=2284"}],"curies":[{"name":"wp","href":"https:\/\/api.w.org\/{rel}","templated":true}]}}