 {"id":2292,"date":"2022-08-18T01:40:50","date_gmt":"2022-08-18T01:40:50","guid":{"rendered":"https:\/\/d-themes.com\/wordpress\/udesign\/dummy\/business-consulting-4\/?page_id=2292"},"modified":"2025-10-06T17:08:25","modified_gmt":"2025-10-06T14:08:25","slug":"sirkete-ozgu-kitap-yazimi","status":"publish","type":"page","link":"https:\/\/firatcapkin.com.tr\/en\/services\/sirkete-ozgu-kitap-yazimi\/","title":{"rendered":"Company-Specific Book Publishing"},"content":{"rendered":"\t\t<div data-elementor-type=\"wp-page\" data-elementor-id=\"2292\" class=\"elementor elementor-2292\">\n\t\t\t\t\t\t\t<div class=\" elementor-element elementor-element-790d091 e-flex e-con-boxed e-con e-parent\" data-id=\"790d091\" data-element_type=\"container\" data-e-type=\"container\">\n\t\t\t\t\t\t\t<div class=\"e-con-inner\">\n\t\t\t\t\t\t\t<div class=\" elementor-element elementor-element-1b0ff6c e-con-full e-flex e-con e-child\" data-id=\"1b0ff6c\" data-element_type=\"container\" data-e-type=\"container\">\n\t\t\t\t\t<div class=\"elementor-element elementor-element-587cea4 elementor-widget elementor-widget-image\" data-id=\"587cea4\" data-element_type=\"widget\" data-e-type=\"widget\" data-widget_type=\"image.default\">\n\t\t\t\t<div class=\"elementor-widget-container\">\n\t\t\t\t\t\t\t\t\t\t\t\t\t\t\t<img fetchpriority=\"high\" decoding=\"async\" width=\"1494\" height=\"562\" src=\"https:\/\/firatcapkin.com.tr\/en\/wp-content\/uploads\/2025\/07\/kitaplar.png\" class=\"attachment-2048x2048 size-2048x2048 wp-image-12632\" alt=\"\" srcset=\"https:\/\/firatcapkin.com.tr\/en\/wp-content\/uploads\/2025\/07\/kitaplar.png 1494w, https:\/\/firatcapkin.com.tr\/en\/wp-content\/uploads\/2025\/07\/kitaplar-768x289.png 768w\" sizes=\"(max-width: 1494px) 100vw, 1494px\" \/>\t\t\t\t\t\t\t\t\t\t\t\t\t\t\t<\/div>\n\t\t\t\t<\/div>\n\t\t\n\t\t\t<\/div>\n\t\t\t\t\t\t<div class=\" elementor-element elementor-element-7d56743 e-con-full e-flex e-con e-child\" data-id=\"7d56743\" data-element_type=\"container\" data-e-type=\"container\">\n\t\t\t\t\t\t<div class=\" elementor-element elementor-element-d4e3076 e-con-full e-flex e-con e-child\" data-id=\"d4e3076\" data-element_type=\"container\" data-e-type=\"container\">\n\t\t\t\t\t\t<div class=\" elementor-element elementor-element-020234c e-con-full e-flex e-con e-child\" data-id=\"020234c\" data-element_type=\"container\" data-e-type=\"container\">\n\t\t\t\t\t<div class=\"elementor-element elementor-element-be85ef7 elementor-widget elementor-widget-heading\" data-id=\"be85ef7\" data-element_type=\"widget\" data-e-type=\"widget\" data-widget_type=\"heading.default\">\n\t\t\t\t<div class=\"elementor-widget-container\">\n\t\t\t\t\t<h2 class=\"elementor-heading-title elementor-size-default\">Company-Specific Book Publishing<\/h2>\t\t\t\t<\/div>\n\t\t\t\t<\/div>\n\t\t\t\t<div class=\"elementor-element elementor-element-975c2a5 elementor-widget elementor-widget-heading\" data-id=\"975c2a5\" data-element_type=\"widget\" data-e-type=\"widget\" data-widget_type=\"heading.default\">\n\t\t\t\t<div class=\"elementor-widget-container\">\n\t\t\t\t\t<p class=\"elementor-heading-title elementor-size-default\">An intellectual method particularly preferred by companies with dealer networks.<\/p>\t\t\t\t<\/div>\n\t\t\t\t<\/div>\n\t\t\t\t<div class=\"elementor-element elementor-element-2be53a0 elementor-widget elementor-widget-heading\" data-id=\"2be53a0\" data-element_type=\"widget\" data-e-type=\"widget\" data-widget_type=\"heading.default\">\n\t\t\t\t<div class=\"elementor-widget-container\">\n\t\t\t\t\t<p class=\"elementor-heading-title elementor-size-default\">F\u0131rat \u00c7apk\u0131n\u2019s first book \u201cIce and Sweater\u201d on developing sales skills, and his second book \u201cAttention! Camera on You\u201don presentation, rhetoric, and training delivery, can be customized as a unique corporate gift for your employees, dealers, and direct sales teams. <\/p>\t\t\t\t<\/div>\n\t\t\t\t<\/div>\n\t\t\n\t\t\t<\/div>\n\t\t\t\n\t\t\t<\/div>\n\t\t\t\t\t\t<div class=\" elementor-element elementor-element-abcfa60 e-con-full e-flex e-con e-child\" data-id=\"abcfa60\" data-element_type=\"container\" data-e-type=\"container\">\n\t\t\t\t\t<div class=\"elementor-element elementor-element-ab723bd elementor-widget elementor-widget-text-editor\" data-id=\"ab723bd\" data-element_type=\"widget\" data-e-type=\"widget\" data-widget_type=\"text-editor.default\">\n\t\t\t\t<div class=\"elementor-widget-container\">\n\t\t\t\t\t\t\t\t\t<p>Each edition is specially printed with:<\/p><ul><li>A foreword written by your company executive<\/li><li>A customized back cover text<\/li><li>Your company logo placed on the inside cover<\/li><li>Packaged and delivered exclusively for your organization<\/li><\/ul><h5>Process Steps:<\/h5><ul><li>Submission of the book project request<\/li><li>Determination of the book title to be prepared<\/li><li>Drafting of the foreword text<\/li><li>Drafting of the back cover text<\/li><li>Rewriting of case examples by aligning them with your company\u2019s product portfolio<\/li><li>Placement of the company logo on the inner cover<\/li><li>Layout, printing, and delivery<\/li><\/ul><h5>References:<\/h5><p>Customized editions of 700 copies each were prepared and delivered for\u00a0<strong>Pimapen, Winsa, and Siemens<\/strong>.<\/p><h5>Project Information Required from Your Company:<\/h5><ul><li>Who is the project leader? (name, phone, email)<\/li><li>Which book do you want to prepare for publication?<\/li><li>Why has this need arisen?<\/li><li>To whom will the books be distributed?<\/li><li>How many copies do you require?<\/li><\/ul><h5>Note:<\/h5><p>Since its first release on\u00a0<strong>June 26, 2019<\/strong>, the book\u00a0<em>\u201cIce and Sweater\u201d<\/em>\u00a0has already reached its\u00a0<strong>4th edition<\/strong>.<\/p>\t\t\t\t\t\t\t\t<\/div>\n\t\t\t\t<\/div>\n\t\t\n\t\t\t<\/div>\n\t\t\t\n\t\t\t<\/div>\n\t\t\t\t\t\t\t<\/div>\n\t\t\t\t\n\t\t\t<\/div>\n\t\t\t\t\t<\/div>\n\t\t","protected":false},"excerpt":{"rendered":"<p>An intellectual method particularly preferred by companies with dealer networks. F\u0131rat \u00c7apk\u0131n\u2019s first book \u201cIce and Sweater\u201d on developing sales skills, and his second book \u201cAttention! Camera on You\u201don presentation, rhetoric, and training delivery, can be customized as a unique corporate gift for your employees, dealers, and direct sales teams. Each edition is specially printed [&hellip;]<\/p>\n","protected":false},"author":1,"featured_media":0,"parent":123,"menu_order":0,"comment_status":"closed","ping_status":"closed","template":"","meta":{"_acf_changed":false,"footnotes":""},"class_list":["post-2292","page","type-page","status-publish","hentry"],"acf":[],"_links":{"self":[{"href":"https:\/\/firatcapkin.com.tr\/en\/wp-json\/wp\/v2\/pages\/2292","targetHints":{"allow":["GET"]}}],"collection":[{"href":"https:\/\/firatcapkin.com.tr\/en\/wp-json\/wp\/v2\/pages"}],"about":[{"href":"https:\/\/firatcapkin.com.tr\/en\/wp-json\/wp\/v2\/types\/page"}],"author":[{"embeddable":true,"href":"https:\/\/firatcapkin.com.tr\/en\/wp-json\/wp\/v2\/users\/1"}],"replies":[{"embeddable":true,"href":"https:\/\/firatcapkin.com.tr\/en\/wp-json\/wp\/v2\/comments?post=2292"}],"version-history":[{"count":20,"href":"https:\/\/firatcapkin.com.tr\/en\/wp-json\/wp\/v2\/pages\/2292\/revisions"}],"predecessor-version":[{"id":13241,"href":"https:\/\/firatcapkin.com.tr\/en\/wp-json\/wp\/v2\/pages\/2292\/revisions\/13241"}],"up":[{"embeddable":true,"href":"https:\/\/firatcapkin.com.tr\/en\/wp-json\/wp\/v2\/pages\/123"}],"wp:attachment":[{"href":"https:\/\/firatcapkin.com.tr\/en\/wp-json\/wp\/v2\/media?parent=2292"}],"curies":[{"name":"wp","href":"https:\/\/api.w.org\/{rel}","templated":true}]}}