 {"id":2300,"date":"2022-08-18T01:42:06","date_gmt":"2022-08-18T01:42:06","guid":{"rendered":"https:\/\/d-themes.com\/wordpress\/udesign\/dummy\/business-consulting-4\/?page_id=2300"},"modified":"2025-10-07T16:45:14","modified_gmt":"2025-10-07T13:45:14","slug":"fincanda-sicak-cay","status":"publish","type":"page","link":"https:\/\/firatcapkin.com.tr\/en\/services\/fincanda-sicak-cay\/","title":{"rendered":"Hot Tea in a Cup"},"content":{"rendered":"\t\t<div data-elementor-type=\"wp-page\" data-elementor-id=\"2300\" class=\"elementor elementor-2300\">\n\t\t\t\t\t\t\t<div class=\" elementor-element elementor-element-27f895e e-flex e-con-boxed e-con e-parent\" data-id=\"27f895e\" data-element_type=\"container\" data-e-type=\"container\">\n\t\t\t\t\t\t\t<div class=\"e-con-inner\">\n\t\t\t\t\t\t\t<div class=\" elementor-element elementor-element-ffbce34 e-con-full e-flex e-con e-child\" data-id=\"ffbce34\" data-element_type=\"container\" data-e-type=\"container\">\n\t\t\t\t\t<div class=\"elementor-element elementor-element-efcade6 h-100 elementor-widget elementor-widget-image\" data-id=\"efcade6\" data-element_type=\"widget\" data-e-type=\"widget\" data-widget_type=\"image.default\">\n\t\t\t\t<div class=\"elementor-widget-container\">\n\t\t\t\t\t\t\t\t\t\t\t\t\t\t\t<img fetchpriority=\"high\" decoding=\"async\" width=\"630\" height=\"500\" src=\"https:\/\/firatcapkin.com.tr\/en\/wp-content\/uploads\/2022\/08\/2-3.jpg\" class=\"attachment-full size-full wp-image-2167\" alt=\"service image\" \/>\t\t\t\t\t\t\t\t\t\t\t\t\t\t\t<\/div>\n\t\t\t\t<\/div>\n\t\t\n\t\t\t<\/div>\n\t\t\t\t\t\t<div class=\" elementor-element elementor-element-0244f22 e-con-full e-flex e-con e-child\" data-id=\"0244f22\" data-element_type=\"container\" data-e-type=\"container\">\n\t\t\t\t\t<div class=\"elementor-element elementor-element-f9c9242 elementor-widget elementor-widget-heading\" data-id=\"f9c9242\" data-element_type=\"widget\" data-e-type=\"widget\" data-widget_type=\"heading.default\">\n\t\t\t\t<div class=\"elementor-widget-container\">\n\t\t\t\t\t<h2 class=\"elementor-heading-title elementor-size-default\">Hot Tea in a Cup<\/h2>\t\t\t\t<\/div>\n\t\t\t\t<\/div>\n\t\t\t\t<div class=\"elementor-element elementor-element-1d0d8bc elementor-widget elementor-widget-heading\" data-id=\"1d0d8bc\" data-element_type=\"widget\" data-e-type=\"widget\" data-widget_type=\"heading.default\">\n\t\t\t\t<div class=\"elementor-widget-container\">\n\t\t\t\t\t<p class=\"elementor-heading-title elementor-size-default\">Live Broadcast \u2013 Talk Show<\/p>\t\t\t\t<\/div>\n\t\t\t\t<\/div>\n\t\t\t\t<div class=\"elementor-element elementor-element-721adcb elementor-widget elementor-widget-text-editor\" data-id=\"721adcb\" data-element_type=\"widget\" data-e-type=\"widget\" data-widget_type=\"text-editor.default\">\n\t\t\t\t<div class=\"elementor-widget-container\">\n\t\t\t\t\t\t\t\t\t<h4>Program Theme<\/h4><p><em>Hot Tea in a Cup<\/em>\u00a0is a talk show series prepared and hosted by\u00a0<strong>F\u0131rat \u00c7apk\u0131n<\/strong>, streamed live on Instagram every\u00a0<strong>Tuesday and Thursday evening between 21:30 \u2013 22:30<\/strong>.<\/p><h4>Program Purpose<\/h4><p>Designed in response to the global health crisis that confined many of us to our homes, the program aims to provide viewers with engaging, intellectually stimulating, and thought-provoking discussions. Topics are presented in a humorous, warm, and authentic manner, making complex ideas more accessible and enjoyable.<\/p><h4>Format<\/h4><p>Each episode is broadcast live in an improvised, conversational style and features distinguished guests who have established expertise in their respective fields. The interactive nature of the program allows for spontaneous dialogue and authentic audience engagement.<\/p><h4>Audience and Reach<\/h4><p>Although the program attracts a live audience of approximately\u00a0<strong>40\u201360 viewers per session<\/strong>, recordings are revisited by those seeking either educational insights or entertainment during commutes. Each episode receives an average of\u00a0<strong>900 views within the same week<\/strong>\u00a0of broadcast.<\/p>\t\t\t\t\t\t\t\t<\/div>\n\t\t\t\t<\/div>\n\t\t\t\t<div class=\"elementor-element elementor-element-c2a5924 elementor-widget elementor-widget-heading\" data-id=\"c2a5924\" data-element_type=\"widget\" data-e-type=\"widget\" data-widget_type=\"heading.default\">\n\t\t\t\t<div class=\"elementor-widget-container\">\n\t\t\t\t\t<p class=\"elementor-heading-title elementor-size-default\">Participation <br>\nIf you would like to be a guest on Hot Tea in a Cup, please send an email to firat@firatcapkin.com.tr\n<\/p>\t\t\t\t<\/div>\n\t\t\t\t<\/div>\n\t\t\n\t\t\t<\/div>\n\t\t\t\t\t\t\t<\/div>\n\t\t\t\t\n\t\t\t<\/div>\n\t\t\t\t\t\t<div class=\" elementor-element elementor-element-46bb5f3 e-flex e-con-boxed e-con e-parent\" data-id=\"46bb5f3\" data-element_type=\"container\" data-e-type=\"container\">\n\t\t\t\t\t\t\t<div class=\"e-con-inner\">\n\t\t\t\t\t\t<div class=\"elementor-element elementor-element-703451e elementor-widget-laptop__width-initial elementor-widget elementor-widget-text-editor\" data-id=\"703451e\" data-element_type=\"widget\" data-e-type=\"widget\" data-widget_type=\"text-editor.default\">\n\t\t\t\t<div class=\"elementor-widget-container\">\n\t\t\t\t\t\t\t\t\t<p><strong>Program Guests from Past to Present (In Alphabetical Order)<\/strong><\/p><ul><li><strong>Ahmet Cemal Dedeo\u011flu \u2013 Ozan \u00d6deme Sistemleri Y\u00f6netim Kurulu \u00dcyesi<\/strong><\/li><li><strong>Alp Bulut \u2013 Ax\u0131x International COO<\/strong><\/li><li><strong>Altay Ergen\u00e7 \u2013 E\u011fitmen I Dan\u0131\u015fman<\/strong><\/li><li><strong>Artu\u011f \u00d6zeren \u2013 Tysenn Krupp CEO<\/strong><\/li><li><strong>Aybar Dumlu \u2013 Sosyal Medya Uzman\u0131<\/strong><\/li><li><strong>Aziz Ali Elya\u011futu \u2013 Akordeon Derne\u011fi Kurucusu<\/strong><\/li><li><strong>Bahad\u0131r B\u00fclgin \u2013 Eczane Dan\u0131\u015fman\u0131<\/strong><\/li><li><strong><a href=\"https:\/\/www.youtube.com\/watch?v=FEHedkM3zcE\" target=\"_blank\" rel=\"noopener\">Berk \u00d6zbek \u2013 Opera Sanat\u00e7\u0131s\u0131<\/a><\/strong><\/li><li><strong>Cengiz Berk\u00fcn \u2013 MEF Okullar\u0131 Sahne Sanatlar\u0131 Direkt\u00f6r\u00fc<\/strong><\/li><li><strong><a href=\"https:\/\/www.youtube.com\/watch?v=RIULHKwrJps\" target=\"_blank\" rel=\"noopener\">Cenk Mommarje \u2013 Art Direkt\u00f6r \u2013 Tasar\u0131mc\u0131<\/a><br \/><\/strong><\/li><li><strong>\u00c7i\u011fdem \u00c7ak\u0131r \u2013 Sosyolog<\/strong><\/li><li><strong><a href=\"https:\/\/www.youtube.com\/watch?v=eLGCE_rDr80\" target=\"_blank\" rel=\"noopener\">Deniz Tavmen \u2013 Kurumsal E\u011fitmen \u2013 Konu\u015fmac\u0131<\/a><br \/><\/strong><\/li><li><strong>Dicle \u00c7apk\u0131n \u2013 JTI Krediler M\u00fcd\u00fcr\u00fc<\/strong><\/li><li><strong><a href=\"https:\/\/www.youtube.com\/watch?v=WTvFZt0AXcE\" target=\"_blank\" rel=\"noopener\">Dilara Ya\u011fl\u0131c\u0131o\u011flu \u2013 Ki\u015fisel \u0130maj Dan\u0131\u015fman\u0131<\/a><br \/><\/strong><\/li><li><strong><a href=\"https:\/\/www.youtube.com\/watch?v=A8I88CB7c64\" target=\"_blank\" rel=\"noopener\">Dilek G\u00f6rmez \u2013 \u0130\u015f \u0130nsan\u0131 \u2013 Yazar<\/a><br \/><\/strong><\/li><li><strong><a href=\"https:\/\/www.youtube.com\/watch?v=vR6FYgyJq_4\" target=\"_blank\" rel=\"noopener\">Ahmet Hamdi \u00d6nay \u2013 KBB Cerrah\u0131<\/a><\/strong><\/li><li><strong>Bora K\u00fc\u00e7\u00fckyaz\u0131c\u0131 \u2013 T\u0131p Doktoru ve Beyin Uzman\u0131<\/strong><\/li><li><strong><a href=\"https:\/\/www.youtube.com\/watch?v=j2FRP6cHSzg\" target=\"_blank\" rel=\"noopener\">Nevzat Mazmano\u011flu \u2013 Dermatolog<\/a><\/strong><\/li><li><strong>Sina Mengi \u2013 Estetik Cerrah<\/strong><\/li><li><strong>\u015euayb Da\u011f\u0131stanl\u0131 \u2013 Alternatif T\u0131p Doktoru<\/strong><\/li><li><strong>Merve Topak \u2013 Di\u015f Hekimi<\/strong><\/li><li><strong><a href=\"https:\/\/www.youtube.com\/watch?v=EH-IadU16ps\" target=\"_blank\" rel=\"noopener\">G\u00fcl Kara \u2013 Eczac\u0131<\/a><br \/><\/strong><\/li><li><strong>\u0130brahim Uygun \u2013 Eczac\u0131<\/strong><\/li><li><strong><a href=\"https:\/\/www.youtube.com\/watch?v=B4ndbtzDH9Y\" target=\"_blank\" rel=\"noopener\">Elvan Tongal \u2013 MEF Okullar\u0131 Genel M\u00fcd\u00fcr Yard\u0131mc\u0131s\u0131<\/a><br \/><\/strong><\/li><li><strong>Emel Kara \u2013 Diyetisyen<\/strong><\/li><li><strong>Emre Orhan \u2013 Girne Amerikan Koleji E\u011fitim Direkt\u00f6r\u00fc<\/strong><\/li><li><strong>Enver Bayatl\u0131 \u2013 Klinik Psikolog<\/strong><\/li><li><strong>Enver Co\u015fkunsu \u2013 Syberian Welness \u00dclke Direkt\u00f6r\u00fc<\/strong><\/li><li><strong><a href=\"https:\/\/www.youtube.com\/watch?v=b6krbUXYl6U\" target=\"_blank\" rel=\"noopener\">Erbay Bayramo\u011flu \u2013 \u0130\u015f \u0130nsan\u0131 \u2013 Pilot<\/a><br \/><\/strong><\/li><li><strong>Erhan Yaz\u0131c\u0131o\u011flu \u2013 Tiyatrocu \u2013 Y\u00f6netmen \u2013 Yazar \u2013 Akt\u00f6r<\/strong><\/li><\/ul>\t\t\t\t\t\t\t\t<\/div>\n\t\t\t\t<\/div>\n\t\t\t\t<div class=\"elementor-element elementor-element-a7c0f92 elementor-widget-laptop__width-initial elementor-widget elementor-widget-spacer\" data-id=\"a7c0f92\" data-element_type=\"widget\" data-e-type=\"widget\" data-widget_type=\"spacer.default\">\n\t\t\t\t<div class=\"elementor-widget-container\">\n\t\t\t\t\t\t\t<div class=\"elementor-spacer\">\n\t\t\t<div class=\"elementor-spacer-inner\"><\/div>\n\t\t<\/div>\n\t\t\t\t\t\t<\/div>\n\t\t\t\t<\/div>\n\t\t\t\t<div class=\"elementor-element elementor-element-1f901b9 elementor-widget-laptop__width-initial elementor-widget elementor-widget-text-editor\" data-id=\"1f901b9\" data-element_type=\"widget\" data-e-type=\"widget\" data-widget_type=\"text-editor.default\">\n\t\t\t\t<div class=\"elementor-widget-container\">\n\t\t\t\t\t\t\t\t\t&nbsp;\n<ul>\n \t<li><strong><a href=\"https:\/\/www.youtube.com\/watch?v=sA1nmmMkRTQ&#038;t=639s\" target=\"_blank\">G\u00f6khan Berker \u2013 Y\u00f6netim Dan\u0131\u015fman\u0131<\/a>\n     <\/strong><\/li>\n \t<li><strong>Hakan Kaptan \u2013 Tiara M\u00fccevherat CEO<\/strong><\/li>\n \t<li><strong><a href=\"https:\/\/www.youtube.com\/watch?v=AHNp_Tqu8QU\" target=\"_blank\">Hatice Ko\u00e7 \u2013 Hati\u2019nin Mutfa\u011f\u0131 Kurucusu<\/a>\n     <\/strong><\/li>\n \t<li><strong><a href=\"https:\/\/www.youtube.com\/watch?v=en0WR08nE5s\" target=\"_blank\">\u0130pek Koza \u2013 Z\u00fcccaciye Derne\u011fi Genel Sekreteri<\/a>\n     <\/strong><\/li>\n \t<li><strong><a href=\"https:\/\/www.youtube.com\/watch?v=FU77LKkSQBM\" target=\"_blank\">\u0130rem Eken \u2013 Klinik Psikolog<\/a>\n     <\/strong><\/li>\n \t<li><strong><a href=\"https:\/\/www.youtube.com\/watch?v=NfB0bDH7-7w&#038;t=3s\" target=\"_blank\">\u0130smail Hakk\u0131 Kobako\u011flu \u2013 THY \u00d6\u011fretmen Pilot<\/a>\n     <\/strong><\/li>\n \t<li><strong><a href=\"https:\/\/www.youtube.com\/watch?v=opC3yFWgggQ&#038;t=4s\" target=\"_blank\">Kabuhan Canpolat \u2013 5in1 Canpolat CEO<\/a>\n     <\/strong><\/li>\n \t<li><strong><a href=\"https:\/\/www.youtube.com\/watch?v=56KrbHPxSUI\" target=\"_blank\">Kezban Eren \u00d6zbek \u2013 MTI Group CEO<\/a>\n     <\/strong><\/li>\n \t<li><strong><a href=\"https:\/\/www.youtube.com\/watch?v=asEx9iycwKc\" target=\"_blank\">Muhammet Fidan \u2013 Pfizer E\u011fitim Y\u00f6neticisi<\/a>\n     <\/strong><\/li>\n \t<li><strong>Murat Aky\u0131ld\u0131z \u2013 CEO<\/strong><\/li>\n \t<li><strong>Niso Estroti \u2013 Maden M\u00fchendisi<\/strong><\/li>\n \t<li><strong>Perim \u0130mer \u2013 \u0130nsan Kaynaklar\u0131 Dan\u0131\u015fman\u0131<\/strong><\/li>\n \t<li><strong><a href=\"https:\/\/www.youtube.com\/watch?v=ZTgVWr9qdHM\" target=\"_blank\">Dr. Berat Bir \u2013 Marmara \u00dcnv. \u00d6\u011fretim \u00dcyesi<\/a>\n     <\/strong><\/li>\n \t<li><strong>Dr. Y\u00fcksel G\u00fcr\u00fcz \u2013 Ege \u00dcnv. Parazitoloji. Ana Bilim Dal\u0131 \u00d6\u011fretim \u00dcyesi<\/strong><\/li>\n \t<li><strong>Seda Kobako\u011flu \u00d6nay \u2013 Neta\u015f E\u011fitim M\u00fcd\u00fcr\u00fc<\/strong><\/li>\n \t<li><strong><a href=\"https:\/\/www.youtube.com\/watch?v=JGWTdKZS_lo\" target=\"_blank\">Selda \u0130\u015f \u2013 Klinik Psikolog<\/a>\n     <\/strong><\/li>\n \t<li><strong>Sema \u00d6zer \u2013 Sporcu Ko\u00e7u<\/strong><\/li>\n \t<li><strong>Serbun Beh\u00e7et \u2013 Edit\u00f6r<\/strong><\/li>\n \t<li><strong><a href=\"https:\/\/www.youtube.com\/watch?v=TzPNTo1lPLU&#038;t=2s\" target=\"_blank\">Tar\u0131k Ali Co\u015fkun \u2013 Biyolog \u2013 Bay Ek\u015fi Maya<\/a>\n     <\/strong><\/li>\n \t<li><strong>Tekin Baransel \u2013 BJK \u2013 Kabata\u015f Vakf\u0131 Okullar\u0131 CEO<\/strong><\/li>\n \t<li><strong><a href=\"https:\/\/www.youtube.com\/watch?v=wCsQoiX56RM\" target=\"_blank\">Tolga \u00d6zbek \u2013 Havac\u0131l\u0131k Edit\u00f6r\u00fc<\/a>\n     <\/strong><\/li>\n \t<li><strong><a href=\"https:\/\/www.youtube.com\/watch?v=qDhDeE3z-bE&#038;t=2s\" target=\"_blank\">Ufuk Ko\u00e7 \u2013 100. Fakt\u00f6r E\u011fitim ve Dan\u0131\u015fmanl\u0131k Kurucusu<\/a>\n     <\/strong><\/li>\n \t<li><strong><a href=\"https:\/\/www.youtube.com\/watch?v=WdZDdZLJ2UQ&#038;t=6s\" target=\"_blank\">\u00dcnal Atabay \u2013 Yazar I Stratejist I Emekli Kurmay Albay<\/a>\n     <\/strong><\/li>\n \t<li><strong>Yi\u011fit Tavuk\u00e7uo\u011flu \u2013 Tavuk\u00e7uo\u011flu \u0130n\u015faat CEO<\/strong><\/li>\n \t<li><strong>Z\u00f6hrab H\u00fcseynov \u2013 Optimal Electronics \u2013 E\u011fitim Direkt\u00f6r\u00fc<\/strong><\/li>\n<\/ul>\t\t\t\t\t\t\t\t<\/div>\n\t\t\t\t<\/div>\n\t\t\t\t\t\t<\/div>\n\t\t\t\t\n\t\t\t<\/div>\n\t\t\t\t\t\t<div class=\" elementor-element elementor-element-8b18248 e-flex e-con-boxed e-con e-parent\" data-stretch=\"full\" data-stretch-width=\"0\" data-id=\"8b18248\" data-element_type=\"container\" data-e-type=\"container\">\n\t\t\t\t\t\t\t<div class=\"e-con-inner\">\n\t\t\t\t\t\t<div class=\"elementor-element elementor-element-9458c3d elementor-widget__width-auto elementor-widget elementor-widget-udesign_widget_button\" data-id=\"9458c3d\" data-element_type=\"widget\" data-e-type=\"widget\" data-widget_type=\"udesign_widget_button.default\">\n\t\t\t\t<div class=\"elementor-widget-container\">\n\t\t\t\t\t<a class=\"btn btn-md btn-icon btn-icon-right btn-slide-right\" href=\"https:\/\/firatcapkin.com.tr\/en\/contact-us\/\" ><span >Contact Form<\/span><i class=\"  u-icon-long-arrow-right\"><\/i><\/a>\t\t\t\t<\/div>\n\t\t\t\t<\/div>\n\t\t\t\t\t\t<\/div>\n\t\t\t\t\n\t\t\t<\/div>\n\t\t\t\t\t<\/div>\n\t\t","protected":false},"excerpt":{"rendered":"<p>Live Broadcast \u2013 Talk Show Program Theme Hot Tea in a Cup\u00a0is a talk show series prepared and hosted by\u00a0F\u0131rat \u00c7apk\u0131n, streamed live on Instagram every\u00a0Tuesday and Thursday evening between 21:30 \u2013 22:30. Program Purpose Designed in response to the global health crisis that confined many of us to our homes, the program aims to [&hellip;]<\/p>\n","protected":false},"author":1,"featured_media":0,"parent":123,"menu_order":0,"comment_status":"closed","ping_status":"closed","template":"","meta":{"_acf_changed":false,"footnotes":""},"class_list":["post-2300","page","type-page","status-publish","hentry"],"acf":[],"_links":{"self":[{"href":"https:\/\/firatcapkin.com.tr\/en\/wp-json\/wp\/v2\/pages\/2300","targetHints":{"allow":["GET"]}}],"collection":[{"href":"https:\/\/firatcapkin.com.tr\/en\/wp-json\/wp\/v2\/pages"}],"about":[{"href":"https:\/\/firatcapkin.com.tr\/en\/wp-json\/wp\/v2\/types\/page"}],"author":[{"embeddable":true,"href":"https:\/\/firatcapkin.com.tr\/en\/wp-json\/wp\/v2\/users\/1"}],"replies":[{"embeddable":true,"href":"https:\/\/firatcapkin.com.tr\/en\/wp-json\/wp\/v2\/comments?post=2300"}],"version-history":[{"count":59,"href":"https:\/\/firatcapkin.com.tr\/en\/wp-json\/wp\/v2\/pages\/2300\/revisions"}],"predecessor-version":[{"id":13263,"href":"https:\/\/firatcapkin.com.tr\/en\/wp-json\/wp\/v2\/pages\/2300\/revisions\/13263"}],"up":[{"embeddable":true,"href":"https:\/\/firatcapkin.com.tr\/en\/wp-json\/wp\/v2\/pages\/123"}],"wp:attachment":[{"href":"https:\/\/firatcapkin.com.tr\/en\/wp-json\/wp\/v2\/media?parent=2300"}],"curies":[{"name":"wp","href":"https:\/\/api.w.org\/{rel}","templated":true}]}}