 {"id":123,"date":"2022-08-13T03:42:14","date_gmt":"2022-08-13T03:42:14","guid":{"rendered":"https:\/\/d-themes.com\/wordpress\/udesign\/dummy\/business-consulting-4\/?page_id=123"},"modified":"2025-10-07T17:26:54","modified_gmt":"2025-10-07T14:26:54","slug":"services","status":"publish","type":"page","link":"https:\/\/firatcapkin.com.tr\/ru\/services\/","title":{"rendered":"\u041c\u043e\u0438 \u0443\u0441\u043b\u0443\u0433\u0438"},"content":{"rendered":"\t\t<div data-elementor-type=\"wp-page\" data-elementor-id=\"123\" class=\"elementor elementor-123\">\n\t\t\t\t\t\t\t<div class=\" elementor-element elementor-element-d2cff54 e-grid e-con-boxed e-con e-parent\" data-id=\"d2cff54\" data-element_type=\"container\" data-e-type=\"container\">\n\t\t\t\t\t\t\t<div class=\"e-con-inner\">\n\t\t\t\t\t\t<div class=\"elementor-element elementor-element-bbc6a0a elementor-widget elementor-widget-udesign_widget_iconbox\" data-id=\"bbc6a0a\" data-element_type=\"widget\" data-e-type=\"widget\" data-widget_type=\"udesign_widget_iconbox.default\">\n\t\t\t\t<div class=\"elementor-widget-container\">\n\t\t\t\t\t<div class=\"icon-box position-top icon-stacked shape-circle\"><a class=\"link\" href=\"https:\/\/firatcapkin.com.tr\/ru\/services\/egitimler\/\" aria-label=\"Icon Box\" ><\/a><div class=\"icon-box-feature\"><i class=\"  u-icon-education\"><\/i><\/div><div class=\"icon-box-content\"><h4 class=\"icon-box-title\"><a class=\"link\" href=\"https:\/\/firatcapkin.com.tr\/ru\/services\/egitimler\/\" aria-label=\"Icon Box\" >E\u011fitimler<\/a><\/h4><\/div><\/div>\t\t\t\t<\/div>\n\t\t\t\t<\/div>\n\t\t\t\t<div class=\"elementor-element elementor-element-16f349e elementor-widget elementor-widget-udesign_widget_iconbox\" data-id=\"16f349e\" data-element_type=\"widget\" data-e-type=\"widget\" data-widget_type=\"udesign_widget_iconbox.default\">\n\t\t\t\t<div class=\"elementor-widget-container\">\n\t\t\t\t\t<div class=\"icon-box position-top icon-stacked shape-circle\"><a class=\"link\" href=\"https:\/\/firatcapkin.com.tr\/ru\/services\/egitim-filmi-yapimi\/\" aria-label=\"Icon Box\" ><\/a><div class=\"icon-box-feature\"><i class=\"fas fa-film\"><\/i><\/div><div class=\"icon-box-content\"><h4 class=\"icon-box-title\"><a class=\"link\" href=\"https:\/\/firatcapkin.com.tr\/ru\/services\/egitim-filmi-yapimi\/\" aria-label=\"Icon Box\" >E\u011fitim Filmi Yap\u0131m\u0131<\/a><\/h4><\/div><\/div>\t\t\t\t<\/div>\n\t\t\t\t<\/div>\n\t\t\t\t<div class=\"elementor-element elementor-element-58124d8 elementor-widget elementor-widget-udesign_widget_iconbox\" data-id=\"58124d8\" data-element_type=\"widget\" data-e-type=\"widget\" data-widget_type=\"udesign_widget_iconbox.default\">\n\t\t\t\t<div class=\"elementor-widget-container\">\n\t\t\t\t\t<div class=\"icon-box position-top icon-stacked shape-circle\"><a class=\"link\" href=\"https:\/\/firatcapkin.com.tr\/ru\/services\/reorganizasyon\/\" aria-label=\"Icon Box\" ><\/a><div class=\"icon-box-feature\"><i class=\"  u-icon-startup3\"><\/i><\/div><div class=\"icon-box-content\"><h4 class=\"icon-box-title\"><a class=\"link\" href=\"https:\/\/firatcapkin.com.tr\/ru\/services\/reorganizasyon\/\" aria-label=\"Icon Box\" >Reorganizasyon<\/a><\/h4><\/div><\/div>\t\t\t\t<\/div>\n\t\t\t\t<\/div>\n\t\t\t\t<div class=\"elementor-element elementor-element-684827b elementor-widget elementor-widget-udesign_widget_iconbox\" data-id=\"684827b\" data-element_type=\"widget\" data-e-type=\"widget\" data-widget_type=\"udesign_widget_iconbox.default\">\n\t\t\t\t<div class=\"elementor-widget-container\">\n\t\t\t\t\t<div class=\"icon-box position-top icon-stacked shape-circle\"><a class=\"link\" href=\"https:\/\/firatcapkin.com.tr\/ru\/services\/sirkete-ozgu-kitap-yazimi\/\" aria-label=\"Icon Box\" ><\/a><div class=\"icon-box-feature\"><i class=\"fas fa-book-open\"><\/i><\/div><div class=\"icon-box-content\"><h4 class=\"icon-box-title\"><a class=\"link\" href=\"https:\/\/firatcapkin.com.tr\/ru\/services\/sirkete-ozgu-kitap-yazimi\/\" aria-label=\"Icon Box\" >\u015eirkete \u00d6zg\u00fc Kitap Yaz\u0131m\u0131<\/a><\/h4><\/div><\/div>\t\t\t\t<\/div>\n\t\t\t\t<\/div>\n\t\t\t\t<div class=\"elementor-element elementor-element-f4a2158 elementor-widget elementor-widget-udesign_widget_iconbox\" data-id=\"f4a2158\" data-element_type=\"widget\" data-e-type=\"widget\" data-widget_type=\"udesign_widget_iconbox.default\">\n\t\t\t\t<div class=\"elementor-widget-container\">\n\t\t\t\t\t<div class=\"icon-box position-top icon-stacked shape-circle\"><a class=\"link\" href=\"https:\/\/firatcapkin.com.tr\/ru\/services\/fincanda-sicak-cay\/\" aria-label=\"Icon Box\" ><\/a><div class=\"icon-box-feature\"><i class=\"  u-icon-meeting\"><\/i><\/div><div class=\"icon-box-content\"><h4 class=\"icon-box-title\"><a class=\"link\" href=\"https:\/\/firatcapkin.com.tr\/ru\/services\/fincanda-sicak-cay\/\" aria-label=\"Icon Box\" >Fincanda S\u0131cak \u00c7ay<\/a><\/h4><\/div><\/div>\t\t\t\t<\/div>\n\t\t\t\t<\/div>\n\t\t\t\t<div class=\"elementor-element elementor-element-873a239 elementor-widget elementor-widget-udesign_widget_iconbox\" data-id=\"873a239\" data-element_type=\"widget\" data-e-type=\"widget\" data-widget_type=\"udesign_widget_iconbox.default\">\n\t\t\t\t<div class=\"elementor-widget-container\">\n\t\t\t\t\t<div class=\"icon-box position-top icon-stacked shape-circle\"><a class=\"link\" href=\"https:\/\/firatcapkin.com.tr\/ru\/services\/keynote\/\" aria-label=\"Icon Box\" ><\/a><div class=\"icon-box-feature\"><i class=\"  u-icon-conversation-solid\"><\/i><\/div><div class=\"icon-box-content\"><h4 class=\"icon-box-title\"><a class=\"link\" href=\"https:\/\/firatcapkin.com.tr\/ru\/services\/keynote\/\" aria-label=\"Icon Box\" >Keynote<\/a><\/h4><\/div><\/div>\t\t\t\t<\/div>\n\t\t\t\t<\/div>\n\t\t\t\t\t\t<\/div>\n\t\t\t\t\n\t\t\t<\/div>\n\t\t\t\t\t<\/div>\n\t\t","protected":false},"excerpt":{"rendered":"<p>E\u011fitimler E\u011fitim Filmi Yap\u0131m\u0131 Reorganizasyon \u015eirkete \u00d6zg\u00fc Kitap Yaz\u0131m\u0131 Fincanda S\u0131cak \u00c7ay Keynote<\/p>\n","protected":false},"author":1,"featured_media":0,"parent":0,"menu_order":0,"comment_status":"closed","ping_status":"closed","template":"","meta":{"_acf_changed":false,"footnotes":""},"class_list":["post-123","page","type-page","status-publish","hentry"],"acf":[],"_links":{"self":[{"href":"https:\/\/firatcapkin.com.tr\/ru\/wp-json\/wp\/v2\/pages\/123","targetHints":{"allow":["GET"]}}],"collection":[{"href":"https:\/\/firatcapkin.com.tr\/ru\/wp-json\/wp\/v2\/pages"}],"about":[{"href":"https:\/\/firatcapkin.com.tr\/ru\/wp-json\/wp\/v2\/types\/page"}],"author":[{"embeddable":true,"href":"https:\/\/firatcapkin.com.tr\/ru\/wp-json\/wp\/v2\/users\/1"}],"replies":[{"embeddable":true,"href":"https:\/\/firatcapkin.com.tr\/ru\/wp-json\/wp\/v2\/comments?post=123"}],"version-history":[{"count":11,"href":"https:\/\/firatcapkin.com.tr\/ru\/wp-json\/wp\/v2\/pages\/123\/revisions"}],"predecessor-version":[{"id":13285,"href":"https:\/\/firatcapkin.com.tr\/ru\/wp-json\/wp\/v2\/pages\/123\/revisions\/13285"}],"wp:attachment":[{"href":"https:\/\/firatcapkin.com.tr\/ru\/wp-json\/wp\/v2\/media?parent=123"}],"curies":[{"name":"wp","href":"https:\/\/api.w.org\/{rel}","templated":true}]}}