 {"id":13,"date":"2022-08-12T21:25:17","date_gmt":"2022-08-12T21:25:17","guid":{"rendered":"https:\/\/d-themes.com\/wordpress\/udesign\/dummy\/business-consulting-4\/?page_id=13"},"modified":"2025-09-09T12:54:46","modified_gmt":"2025-09-09T09:54:46","slug":"contact-us","status":"publish","type":"page","link":"https:\/\/firatcapkin.com.tr\/ru\/contact-us\/","title":{"rendered":"\u0130leti\u015fim"},"content":{"rendered":"\t\t<div data-elementor-type=\"wp-page\" data-elementor-id=\"13\" class=\"elementor elementor-13\">\n\t\t\t\t\t\t\t<div class=\" elementor-element elementor-element-2c81fb5 e-flex e-con-boxed e-con e-parent\" data-id=\"2c81fb5\" data-element_type=\"container\" data-e-type=\"container\">\n\t\t\t\t\t\t\t<div class=\"e-con-inner\">\n\t\t\t\t\t\t\t<div class=\" elementor-element elementor-element-57b7b3c e-con-full e-flex e-con e-child\" data-id=\"57b7b3c\" data-element_type=\"container\" data-e-type=\"container\">\n\t\t\t\t\t<div class=\"elementor-element elementor-element-6a44e7a elementor-invisible elementor-widget elementor-widget-udesign_widget_iconbox\" data-id=\"6a44e7a\" data-element_type=\"widget\" data-e-type=\"widget\" data-settings=\"{&quot;_animation&quot;:&quot;fadeInUpShorter&quot;}\" data-widget_type=\"udesign_widget_iconbox.default\">\n\t\t\t\t<div class=\"elementor-widget-container\">\n\t\t\t\t\t<div class=\"icon-box position-top icon-stacked shape-circle\"><div class=\"icon-box-feature\"><svg xmlns=\"http:\/\/www.w3.org\/2000\/svg\" xmlns:xlink=\"http:\/\/www.w3.org\/1999\/xlink\" x=\"0px\" y=\"0px\" width=\"70px\" height=\"70px\" viewBox=\"0 0 70 70\" xml:space=\"preserve\"><g>\t<path d=\"M60.36,25.135C60.36,11.275,49.018,0,35.075,0C21.13,0,9.785,11.275,9.785,25.135c0,3.791,0.808,7.396,2.4,10.712  c7.619,17.465,21.506,33.1,22.092,33.754c0.222,0.248,0.543,0.395,0.863,0.395L35.235,70c0.292,0,0.589-0.146,0.813-0.402  c0.578-0.66,14.263-16.305,21.833-33.658C59.531,32.493,60.36,28.867,60.36,25.135z M35.803,66.215l-0.648,0.789L34.5,66.223  c-4.077-4.881-14.206-17.705-20.164-31.362c-1.444-3.011-2.184-6.291-2.184-9.726c0-12.555,10.283-22.768,22.922-22.768  c12.638,0,22.918,10.212,22.918,22.768c0,3.375-0.76,6.679-2.263,9.819C49.656,48.875,38.941,62.402,35.803,66.215z\"><\/path>\t<path d=\"M35.073,13.122c-6.467,0-11.729,5.261-11.729,11.729c0,6.467,5.262,11.73,11.729,11.73c6.468,0,11.729-5.263,11.729-11.73  C46.803,18.382,41.541,13.122,35.073,13.122z M35.073,34.211c-5.162,0-9.361-4.198-9.361-9.361c0-5.162,4.2-9.361,9.361-9.361  c5.163,0,9.362,4.199,9.362,9.361C44.436,30.013,40.236,34.211,35.073,34.211z\"><\/path><\/g><\/svg><\/div><div class=\"icon-box-content\"><h4 class=\"icon-box-title\">Bilgi K\u00f6\u015fk\u00fc<\/h4><p class=\"icon-box-desc\">Kad\u0131k\u00f6y-\u0130stanbul<\/p><\/div><\/div>\t\t\t\t<\/div>\n\t\t\t\t<\/div>\n\t\t\n\t\t\t<\/div>\n\t\t\t\t\t\t<div class=\" elementor-element elementor-element-88f412d e-con-full e-flex e-con e-child\" data-id=\"88f412d\" data-element_type=\"container\" data-e-type=\"container\">\n\t\t\t\t\t<div class=\"elementor-element elementor-element-3344c01 elementor-invisible elementor-widget elementor-widget-udesign_widget_iconbox\" data-id=\"3344c01\" data-element_type=\"widget\" data-e-type=\"widget\" data-settings=\"{&quot;_animation&quot;:&quot;fadeInUpShorter&quot;}\" data-widget_type=\"udesign_widget_iconbox.default\">\n\t\t\t\t<div class=\"elementor-widget-container\">\n\t\t\t\t\t<div class=\"icon-box position-top icon-stacked shape-circle\"><div class=\"icon-box-feature\"><svg xmlns=\"http:\/\/www.w3.org\/2000\/svg\" xmlns:xlink=\"http:\/\/www.w3.org\/1999\/xlink\" x=\"0px\" y=\"0px\" viewBox=\"0 0 70 70\" style=\"enable-background:new 0 0 70 70;\" xml:space=\"preserve\"><g>\t<path d=\"M4.88,21.61c-1.65-2.09-2.52-4.6-2.52-7.27C2.36,7.87,7.63,2.6,14.11,2.6c3.54,0,6.85,1.57,9.09,4.31  c0.41,0.5,1.16,0.58,1.66,0.17c0.5-0.41,0.58-1.16,0.17-1.66c-2.69-3.29-6.67-5.18-10.92-5.18C6.33,0.23,0,6.56,0,14.34  c0,3.2,1.04,6.22,3.02,8.73c0.23,0.3,0.58,0.45,0.93,0.45c0.26,0,0.51-0.08,0.73-0.25C5.19,22.86,5.28,22.12,4.88,21.61z\"><\/path>\t<path d=\"M55.89,0.23c-4.25,0-8.23,1.89-10.92,5.18c-0.41,0.51-0.34,1.25,0.17,1.66c0.51,0.41,1.25,0.34,1.66-0.17  c2.24-2.74,5.56-4.31,9.09-4.31c6.48,0,11.75,5.27,11.75,11.75c0,2.67-0.87,5.18-2.52,7.27c-0.4,0.51-0.32,1.26,0.2,1.66  c0.22,0.17,0.47,0.25,0.73,0.25c0.35,0,0.7-0.15,0.93-0.45c1.98-2.51,3.02-5.53,3.02-8.73C70,6.56,63.67,0.23,55.89,0.23z\"><\/path>\t<path d=\"M35.97,41.12V22.34c0-0.65-0.53-1.18-1.18-1.18c-0.65,0-1.18,0.53-1.18,1.18v19.34c0,0.02,0.01,0.04,0.01,0.06  c0,0.09,0.03,0.16,0.05,0.25c0.02,0.07,0.03,0.14,0.06,0.2c0.03,0.06,0.08,0.12,0.12,0.18c0.05,0.07,0.09,0.13,0.16,0.19  c0.02,0.01,0.02,0.03,0.04,0.05l11.09,8.99c0.22,0.18,0.48,0.26,0.74,0.26c0.34,0,0.69-0.15,0.92-0.44  c0.41-0.51,0.33-1.25-0.17-1.66L35.97,41.12z\"><\/path>\t<path d=\"M56.93,60.25c-0.06-0.06-0.14-0.09-0.21-0.14c4.98-5.36,8.06-12.51,8.06-20.38c0-16.54-13.45-29.99-29.99-29.99  S4.8,23.19,4.8,39.73c0,7.88,3.08,15.05,8.07,20.41c-0.06,0.04-0.12,0.06-0.17,0.12l-7.5,7.5c-0.46,0.46-0.46,1.21,0,1.67  c0.23,0.23,0.53,0.35,0.84,0.35s0.61-0.12,0.84-0.35l7.5-7.5c0.05-0.05,0.08-0.12,0.12-0.18c5.35,4.94,12.47,7.98,20.3,7.98  c7.85,0,14.98-3.05,20.33-8.01c0.05,0.07,0.08,0.15,0.14,0.21l7.5,7.5c0.23,0.23,0.53,0.35,0.84,0.35c0.3,0,0.61-0.12,0.84-0.35  c0.46-0.46,0.46-1.21,0-1.67L56.93,60.25z M34.79,67.35c-15.23,0-27.63-12.39-27.63-27.63S19.56,12.1,34.79,12.1  s27.63,12.39,27.63,27.63S50.03,67.35,34.79,67.35z\"><\/path><\/g><\/svg><\/div><div class=\"icon-box-content\"><h4 class=\"icon-box-title\">\u00c7al\u0131\u015fma Saatleri<\/h4><p class=\"icon-box-desc\">Pzt.-Paz. 09:00 - 18:00<\/p><\/div><\/div>\t\t\t\t<\/div>\n\t\t\t\t<\/div>\n\t\t\n\t\t\t<\/div>\n\t\t\t\t\t\t<div class=\" elementor-element elementor-element-26fc4b6 mx-auto e-con-full e-flex e-con e-child\" data-id=\"26fc4b6\" data-element_type=\"container\" data-e-type=\"container\">\n\t\t\t\t\t<div class=\"elementor-element elementor-element-7ede9df elementor-invisible elementor-widget elementor-widget-udesign_widget_iconbox\" data-id=\"7ede9df\" data-element_type=\"widget\" data-e-type=\"widget\" data-settings=\"{&quot;_animation&quot;:&quot;fadeInUpShorter&quot;}\" data-widget_type=\"udesign_widget_iconbox.default\">\n\t\t\t\t<div class=\"elementor-widget-container\">\n\t\t\t\t\t<div class=\"icon-box position-top icon-stacked shape-circle\"><div class=\"icon-box-feature\"><svg xmlns=\"http:\/\/www.w3.org\/2000\/svg\" xmlns:xlink=\"http:\/\/www.w3.org\/1999\/xlink\" x=\"0px\" y=\"0px\" width=\"70px\" height=\"70px\" viewBox=\"0 0 70 70\" xml:space=\"preserve\"><path d=\"M66.479,63.689c1.15-1.281,1.655-2.499,1.543-3.72c-0.114-1.229-0.852-2.354-2.256-3.438L50.995,45.158 c-0.814-0.617-1.79-0.946-2.813-0.946c-1.374,0-2.638,0.6-3.467,1.645l-4.24,5.33l-0.369,0.13c-0.372,0.132-0.999,0.289-1.872,0.289 c-2.38,0-6.265-1.171-11.26-6.755c-6.352-7.096-9.288-12.388-8.727-15.729l0.103-0.6l0.514-0.327c1.484-0.94,4.432-2.78,5.579-3.495 l0.5-0.313c1.961-1.329,2.481-4.121,1.133-6.207L15.924,2.577C14.782,0.819,13.557,0,12.069,0c-1.027,0-2.079,0.424-3.214,1.295 c-1.717,1.311-4.765,4.697-6.04,6.711C1.648,9.852-3.309,31.881,15.86,52.634C29.815,67.741,44.797,69.998,52.483,70 c3.426,0,6.177-0.481,6.845-0.827C61.413,68.073,65.024,65.304,66.479,63.689z M65.641,60.454c-0.063,0.465-0.378,1.016-0.938,1.639 c-1.209,1.347-4.43,3.842-6.264,4.856l-0.33,0.13c-0.359,0.09-2.312,0.532-5.627,0.532c-7.298,0-21.532-2.155-34.87-16.596 C-0.588,31.31,4.189,11.635,4.794,9.456l0.182-0.395c1.219-1.823,3.909-4.786,5.329-5.872c0.521-0.398,0.99-0.653,1.396-0.754 l0.551-0.139l0.487,0.295c0.382,0.229,0.77,0.649,1.184,1.283l10.149,15.599c0.635,0.983,0.441,2.313-0.424,2.904l-0.173,0.11 c-1.363,0.849-5.866,3.654-6.703,4.208l-0.294,0.195l-0.142,0.327c-1.882,4.349,0.85,10.277,8.857,19.22 c5.583,6.242,10.174,7.553,13.043,7.553c2.291,0,3.717-0.84,4.047-1.245l4.299-5.405c0.377-0.475,0.962-0.746,1.604-0.746 c0.279,0,0.827,0.06,1.355,0.458L64.311,58.42c0.327,0.253,0.607,0.508,0.839,0.762l0.617,0.323L65.641,60.454z\"><\/path><path d=\"M33.958,1.192c-0.696,0-1.263,0.566-1.263,1.263s0.566,1.263,1.263,1.263 c17.724,0,32.142,14.419,32.142,32.142c0,0.696,0.565,1.263,1.263,1.263c0.696,0,1.263-0.566,1.263-1.263 C68.625,16.744,53.073,1.192,33.958,1.192z\"><\/path><path d=\"M35.943,15.442c-0.695,0-1.262,0.566-1.262,1.263c0,0.695,0.566,1.263,1.262,1.263 c9.094,0,16.492,7.397,16.492,16.49c0,0.696,0.566,1.263,1.263,1.263s1.263-0.566,1.263-1.263 C54.96,23.973,46.429,15.442,35.943,15.442z\"><\/path><\/svg><\/div><div class=\"icon-box-content\"><h4 class=\"icon-box-title\">Telefon<\/h4><p class=\"icon-box-desc\">Cep: <a href=\"tel:05368694500\">0536 869 45 00<\/a>\n<br>\n<\/p><\/div><\/div>\t\t\t\t<\/div>\n\t\t\t\t<\/div>\n\t\t\n\t\t\t<\/div>\n\t\t\t\t\t\t\t<\/div>\n\t\t\t\t\n\t\t\t<\/div>\n\t\t\t\t\t\t<div class=\" elementor-element elementor-element-3e20598 e-flex e-con-boxed e-con e-parent\" data-id=\"3e20598\" data-element_type=\"container\" data-e-type=\"container\">\n\t\t\t\t\t\t\t<div class=\"e-con-inner\">\n\t\t\t\t\t\t<div class=\"elementor-element elementor-element-738dc48 elementor-widget elementor-widget-udesign_widget_heading\" data-id=\"738dc48\" data-element_type=\"widget\" data-e-type=\"widget\" data-widget_type=\"udesign_widget_heading.default\">\n\t\t\t\t<div class=\"elementor-widget-container\">\n\t\t\t\t\t<div class=\"title-wrapper  title-cross title-center\"><h2 class=\"title elementor-heading-title\">Formu doldurarak bize g\u00f6nderin. Sizi arayal\u0131m\n<\/h2><\/div>\t\t\t\t<\/div>\n\t\t\t\t<\/div>\n\t\t\t\t<div class=\"elementor-element elementor-element-03b1a97 elementor-widget elementor-widget-heading\" data-id=\"03b1a97\" data-element_type=\"widget\" data-e-type=\"widget\" data-widget_type=\"heading.default\">\n\t\t\t\t<div class=\"elementor-widget-container\">\n\t\t\t\t\t<h2 class=\"elementor-heading-title elementor-size-default\">Bize Ula\u015f\u0131n<\/h2>\t\t\t\t<\/div>\n\t\t\t\t<\/div>\n\t\t\t\t<div class=\"elementor-element elementor-element-190783f elementor-widget elementor-widget-udesign_widget_contact_form\" data-id=\"190783f\" data-element_type=\"widget\" data-e-type=\"widget\" data-widget_type=\"udesign_widget_contact_form.default\">\n\t\t\t\t<div class=\"elementor-widget-container\">\n\t\t\t\t\t\n<div class=\"wpcf7 no-js\" id=\"wpcf7-f7825-o1\" lang=\"en-US\" dir=\"ltr\" data-wpcf7-id=\"7825\">\n<div class=\"screen-reader-response\"><p role=\"status\" aria-live=\"polite\" aria-atomic=\"true\"><\/p> <ul><\/ul><\/div>\n<form action=\"\/ru\/wp-json\/wp\/v2\/pages\/13#wpcf7-f7825-o1\" method=\"post\" class=\"wpcf7-form init\" aria-label=\"Contact form\" novalidate=\"novalidate\" data-status=\"init\">\n<fieldset class=\"hidden-fields-container\"><input type=\"hidden\" name=\"_wpcf7\" value=\"7825\" \/><input type=\"hidden\" name=\"_wpcf7_version\" value=\"6.1.5\" \/><input type=\"hidden\" name=\"_wpcf7_locale\" value=\"en_US\" \/><input type=\"hidden\" name=\"_wpcf7_unit_tag\" value=\"wpcf7-f7825-o1\" \/><input type=\"hidden\" name=\"_wpcf7_container_post\" value=\"0\" \/><input type=\"hidden\" name=\"_wpcf7_posted_data_hash\" value=\"\" \/><input type=\"hidden\" name=\"_wpcf7_recaptcha_response\" value=\"\" \/>\n<\/fieldset>\n<div class=\"row\">\n\t<div class=\"col-md-6\">\n\t\t<p><span class=\"wpcf7-form-control-wrap\" data-name=\"text-328\"><input size=\"40\" maxlength=\"400\" class=\"wpcf7-form-control wpcf7-text wpcf7-validates-as-required\" aria-required=\"true\" aria-invalid=\"false\" placeholder=\"Enter Your Name...\" value=\"\" type=\"text\" name=\"text-328\" \/><\/span>\n\t\t<\/p>\n\t\t<p><span class=\"wpcf7-form-control-wrap\" data-name=\"email-333\"><input size=\"40\" maxlength=\"400\" class=\"wpcf7-form-control wpcf7-email wpcf7-validates-as-required wpcf7-text wpcf7-validates-as-email\" aria-required=\"true\" aria-invalid=\"false\" placeholder=\"Enter Your Email...\" value=\"\" type=\"email\" name=\"email-333\" \/><\/span>\n\t\t<\/p>\n\t\t<p class=\"mb-md-4 mb-0\"><span class=\"wpcf7-form-control-wrap\" data-name=\"text-978\"><input size=\"40\" maxlength=\"400\" class=\"wpcf7-form-control wpcf7-text\" aria-invalid=\"false\" placeholder=\"Enter Your Submessage...\" value=\"\" type=\"text\" name=\"text-978\" \/><\/span>\n\t\t<\/p>\n\t<\/div>\n\t<div class=\"col-md-6\">\n\t\t<p><span class=\"wpcf7-form-control-wrap\" data-name=\"textarea-625\"><textarea cols=\"40\" rows=\"10\" maxlength=\"2000\" class=\"wpcf7-form-control wpcf7-textarea\" aria-invalid=\"false\" placeholder=\"Your Message\" name=\"textarea-625\"><\/textarea><\/span>\n\t\t<\/p>\n\t<\/div>\n<\/div>\n<p class=\"text-center mt-2\"><button class=\"wpcf7-form-control wpcf7-submit has-spinner btn\" type=\"submit\" value=\"Send Message\">Send Message<\/button>\n<\/p><div class=\"wpcf7-response-output\" aria-hidden=\"true\"><\/div>\n<\/form>\n<\/div>\n\t\t\t\t<\/div>\n\t\t\t\t<\/div>\n\t\t\t\t\t\t<\/div>\n\t\t\t\t\n\t\t\t<\/div>\n\t\t\t\t\t\t<div class=\" elementor-element elementor-element-ff36928 e-con-full e-flex e-con e-parent\" data-stretch=\"full\" data-stretch-width=\"0\" data-id=\"ff36928\" data-element_type=\"container\" data-e-type=\"container\">\n\t\t\t\t\t<div class=\"elementor-element elementor-element-97c2f23 elementor-widget elementor-widget-google_maps\" data-id=\"97c2f23\" data-element_type=\"widget\" data-e-type=\"widget\" data-widget_type=\"google_maps.default\">\n\t\t\t\t<div class=\"elementor-widget-container\">\n\t\t\t\t\t\t\t<div class=\"elementor-custom-embed\">\n\t\t\t<iframe loading=\"lazy\"\n\t\t\t\t\tsrc=\"https:\/\/maps.google.com\/maps?q=Kad%C4%B1k%C3%B6y%20R%C4%B1ht%C4%B1m&#038;t=m&#038;z=10&#038;output=embed&#038;iwloc=near\"\n\t\t\t\t\ttitle=\"Kad\u0131k\u00f6y R\u0131ht\u0131m\"\n\t\t\t\t\taria-label=\"Kad\u0131k\u00f6y R\u0131ht\u0131m\"\n\t\t\t><\/iframe>\n\t\t<\/div>\n\t\t\t\t\t\t<\/div>\n\t\t\t\t<\/div>\n\t\t\n\t\t\t<\/div>\n\t\t\t\t\t<\/div>\n\t\t","protected":false},"excerpt":{"rendered":"<p>Bilgi K\u00f6\u015fk\u00fc Kad\u0131k\u00f6y-\u0130stanbul \u00c7al\u0131\u015fma Saatleri Pzt.-Paz. 09:00 &#8211; 18:00 Telefon Cep: 0536 869 45 00 Formu doldurarak bize g\u00f6nderin. Sizi arayal\u0131m Bize Ula\u015f\u0131n Send Message<\/p>\n","protected":false},"author":1,"featured_media":0,"parent":0,"menu_order":0,"comment_status":"closed","ping_status":"closed","template":"","meta":{"_acf_changed":false,"footnotes":""},"class_list":["post-13","page","type-page","status-publish","hentry"],"acf":[],"_links":{"self":[{"href":"https:\/\/firatcapkin.com.tr\/ru\/wp-json\/wp\/v2\/pages\/13","targetHints":{"allow":["GET"]}}],"collection":[{"href":"https:\/\/firatcapkin.com.tr\/ru\/wp-json\/wp\/v2\/pages"}],"about":[{"href":"https:\/\/firatcapkin.com.tr\/ru\/wp-json\/wp\/v2\/types\/page"}],"author":[{"embeddable":true,"href":"https:\/\/firatcapkin.com.tr\/ru\/wp-json\/wp\/v2\/users\/1"}],"replies":[{"embeddable":true,"href":"https:\/\/firatcapkin.com.tr\/ru\/wp-json\/wp\/v2\/comments?post=13"}],"version-history":[{"count":10,"href":"https:\/\/firatcapkin.com.tr\/ru\/wp-json\/wp\/v2\/pages\/13\/revisions"}],"predecessor-version":[{"id":13162,"href":"https:\/\/firatcapkin.com.tr\/ru\/wp-json\/wp\/v2\/pages\/13\/revisions\/13162"}],"wp:attachment":[{"href":"https:\/\/firatcapkin.com.tr\/ru\/wp-json\/wp\/v2\/media?parent=13"}],"curies":[{"name":"wp","href":"https:\/\/api.w.org\/{rel}","templated":true}]}}