 {"id":13035,"date":"2025-07-23T18:09:52","date_gmt":"2025-07-23T15:09:52","guid":{"rendered":"https:\/\/firatcapkin.com.tr\/ru\/?page_id=13035"},"modified":"2025-10-07T17:25:28","modified_gmt":"2025-10-07T14:25:28","slug":"muzakere-becerileri","status":"publish","type":"page","link":"https:\/\/firatcapkin.com.tr\/ru\/kitap\/muzakere-becerileri\/","title":{"rendered":"\u041d\u0430\u0432\u044b\u043a\u0438 \u0432\u0435\u0434\u0435\u043d\u0438\u044f \u043f\u0435\u0440\u0435\u0433\u043e\u0432\u043e\u0440\u043e\u0432"},"content":{"rendered":"\t\t<div data-elementor-type=\"wp-page\" data-elementor-id=\"13035\" class=\"elementor elementor-13035\">\n\t\t\t\t\t\t\t<div class=\" elementor-element elementor-element-27f895e e-flex e-con-boxed e-con e-parent\" data-id=\"27f895e\" data-element_type=\"container\" data-e-type=\"container\">\n\t\t\t\t\t\t\t<div class=\"e-con-inner\">\n\t\t\t\t\t\t\t<div class=\" elementor-element elementor-element-ffbce34 e-con-full e-flex e-con e-child\" data-id=\"ffbce34\" data-element_type=\"container\" data-e-type=\"container\">\n\t\t\t\t\t<div class=\"elementor-element elementor-element-efcade6 h-100 elementor-widget elementor-widget-image\" data-id=\"efcade6\" data-element_type=\"widget\" data-e-type=\"widget\" data-widget_type=\"image.default\">\n\t\t\t\t<div class=\"elementor-widget-container\">\n\t\t\t\t\t\t\t\t\t\t\t\t\t\t\t<img fetchpriority=\"high\" decoding=\"async\" width=\"768\" height=\"456\" src=\"https:\/\/firatcapkin.com.tr\/ru\/wp-content\/uploads\/2025\/10\/muzakere-becerileri-firat-capkin.png\" class=\"attachment-full size-full wp-image-13277\" alt=\"\" \/>\t\t\t\t\t\t\t\t\t\t\t\t\t\t\t<\/div>\n\t\t\t\t<\/div>\n\t\t\n\t\t\t<\/div>\n\t\t\t\t\t\t<div class=\" elementor-element elementor-element-0244f22 e-con-full e-flex e-con e-child\" data-id=\"0244f22\" data-element_type=\"container\" data-e-type=\"container\">\n\t\t\t\t\t<div class=\"elementor-element elementor-element-f9c9242 elementor-widget elementor-widget-heading\" data-id=\"f9c9242\" data-element_type=\"widget\" data-e-type=\"widget\" data-widget_type=\"heading.default\">\n\t\t\t\t<div class=\"elementor-widget-container\">\n\t\t\t\t\t<h2 class=\"elementor-heading-title elementor-size-default\">\u041d\u0430\u0432\u044b\u043a\u0438 \u0432\u0435\u0434\u0435\u043d\u0438\u044f \u043f\u0435\u0440\u0435\u0433\u043e\u0432\u043e\u0440\u043e\u0432<\/h2>\t\t\t\t<\/div>\n\t\t\t\t<\/div>\n\t\t\t\t<div class=\"elementor-element elementor-element-1d0d8bc elementor-widget elementor-widget-heading\" data-id=\"1d0d8bc\" data-element_type=\"widget\" data-e-type=\"widget\" data-widget_type=\"heading.default\">\n\t\t\t\t<div class=\"elementor-widget-container\">\n\t\t\t\t\t<p class=\"elementor-heading-title elementor-size-default\">Canl\u0131 Yay\u0131n \u2013 S\u00f6yle\u015fi Program\u0131<\/p>\t\t\t\t<\/div>\n\t\t\t\t<\/div>\n\t\t\t\t<div class=\"elementor-element elementor-element-721adcb elementor-widget elementor-widget-text-editor\" data-id=\"721adcb\" data-element_type=\"widget\" data-e-type=\"widget\" data-widget_type=\"text-editor.default\">\n\t\t\t\t<div class=\"elementor-widget-container\">\n\t\t\t\t\t\t\t\t\t<p><strong>Program Temas\u0131 <\/strong><br \/>F\u0131rat \u00c7apk\u0131n taraf\u0131ndan haz\u0131rlanan ve sunulan Fincanda S\u0131cak \u00c7ay adl\u0131 s\u00f6yle\u015fi program\u0131 her hafta Sal\u0131 ve Per\u015fembe ak\u015famlar\u0131 saat 21.30 \u2013 22. 30 saatleri aras\u0131nda instagram hesaplar\u0131nda canl\u0131 yay\u0131n performans\u0131 ile izleyicileri ile bulu\u015fur. <br \/>Program neye hizmet eder? <br \/>K\u00fcresel sa\u011fl\u0131k krizi nedeni ile evlerde s\u0131k\u0131\u015fan bizlerin ya\u015famlar\u0131n\u0131 kolayla\u015ft\u0131racak, entelekt\u00fcel bilgi seviyelerini y\u00fckseltecek konular\u0131n izleyicilerle esprili, s\u0131cak ve samimi bir \u015fekilde payla\u015f\u0131lmas\u0131 i\u00e7in haz\u0131rlan\u0131r ve sunulur.<\/p><p>Program, kendi alan\u0131nda uzmanl\u0131\u011f\u0131n\u0131 kan\u0131tlam\u0131\u015f konuklarla do\u011fa\u00e7lama olarak canl\u0131 yay\u0131n performans\u0131 ile ger\u00e7ekle\u015fir. Anl\u0131k izleyici say\u0131s\u0131 40-60 ki\u015fi civar\u0131nda de\u011fi\u015fiklik g\u00f6stermekle birlikte trafikte zaman ge\u00e7irirken veya e\u011fitim tad\u0131nda bilgi almak isteyenler taraf\u0131ndan ayn\u0131 hafta i\u00e7inde 900 defa g\u00f6r\u00fcnt\u00fclenmektedir.<\/p>\t\t\t\t\t\t\t\t<\/div>\n\t\t\t\t<\/div>\n\t\t\t\t<div class=\"elementor-element elementor-element-c2a5924 elementor-widget elementor-widget-heading\" data-id=\"c2a5924\" data-element_type=\"widget\" data-e-type=\"widget\" data-widget_type=\"heading.default\">\n\t\t\t\t<div class=\"elementor-widget-container\">\n\t\t\t\t\t<p class=\"elementor-heading-title elementor-size-default\">E\u011fer siz de programa konuk olmak isterseniz firat@firatcapkin.com.tr\/ru adresine e-posta g\u00f6nderin.<\/p>\t\t\t\t<\/div>\n\t\t\t\t<\/div>\n\t\t\n\t\t\t<\/div>\n\t\t\t\t\t\t\t<\/div>\n\t\t\t\t\n\t\t\t<\/div>\n\t\t\t\t\t<\/div>\n\t\t","protected":false},"excerpt":{"rendered":"<p>Canl\u0131 Yay\u0131n \u2013 S\u00f6yle\u015fi Program\u0131 Program Temas\u0131 F\u0131rat \u00c7apk\u0131n taraf\u0131ndan haz\u0131rlanan ve sunulan Fincanda S\u0131cak \u00c7ay adl\u0131 s\u00f6yle\u015fi program\u0131 her hafta Sal\u0131 ve Per\u015fembe ak\u015famlar\u0131 saat 21.30 \u2013 22. 30 saatleri aras\u0131nda instagram hesaplar\u0131nda canl\u0131 yay\u0131n performans\u0131 ile izleyicileri ile bulu\u015fur. Program neye hizmet eder? K\u00fcresel sa\u011fl\u0131k krizi nedeni ile evlerde s\u0131k\u0131\u015fan bizlerin ya\u015famlar\u0131n\u0131 kolayla\u015ft\u0131racak, [&hellip;]<\/p>\n","protected":false},"author":1,"featured_media":0,"parent":10213,"menu_order":0,"comment_status":"closed","ping_status":"closed","template":"","meta":{"_acf_changed":false,"footnotes":""},"class_list":["post-13035","page","type-page","status-publish","hentry"],"acf":[],"_links":{"self":[{"href":"https:\/\/firatcapkin.com.tr\/ru\/wp-json\/wp\/v2\/pages\/13035","targetHints":{"allow":["GET"]}}],"collection":[{"href":"https:\/\/firatcapkin.com.tr\/ru\/wp-json\/wp\/v2\/pages"}],"about":[{"href":"https:\/\/firatcapkin.com.tr\/ru\/wp-json\/wp\/v2\/types\/page"}],"author":[{"embeddable":true,"href":"https:\/\/firatcapkin.com.tr\/ru\/wp-json\/wp\/v2\/users\/1"}],"replies":[{"embeddable":true,"href":"https:\/\/firatcapkin.com.tr\/ru\/wp-json\/wp\/v2\/comments?post=13035"}],"version-history":[{"count":8,"href":"https:\/\/firatcapkin.com.tr\/ru\/wp-json\/wp\/v2\/pages\/13035\/revisions"}],"predecessor-version":[{"id":13284,"href":"https:\/\/firatcapkin.com.tr\/ru\/wp-json\/wp\/v2\/pages\/13035\/revisions\/13284"}],"up":[{"embeddable":true,"href":"https:\/\/firatcapkin.com.tr\/ru\/wp-json\/wp\/v2\/pages\/10213"}],"wp:attachment":[{"href":"https:\/\/firatcapkin.com.tr\/ru\/wp-json\/wp\/v2\/media?parent=13035"}],"curies":[{"name":"wp","href":"https:\/\/api.w.org\/{rel}","templated":true}]}}