 {"id":2300,"date":"2022-08-18T01:42:06","date_gmt":"2022-08-18T01:42:06","guid":{"rendered":"https:\/\/d-themes.com\/wordpress\/udesign\/dummy\/business-consulting-4\/?page_id=2300"},"modified":"2025-10-06T15:04:31","modified_gmt":"2025-10-06T12:04:31","slug":"fincanda-sicak-cay","status":"publish","type":"page","link":"https:\/\/firatcapkin.com.tr\/ru\/services\/fincanda-sicak-cay\/","title":{"rendered":"\u0413\u043e\u0440\u044f\u0447\u0438\u0439 \u0447\u0430\u0439 \u0432 \u0447\u0430\u0448\u043a\u0435"},"content":{"rendered":"\t\t<div data-elementor-type=\"wp-page\" data-elementor-id=\"2300\" class=\"elementor elementor-2300\">\n\t\t\t\t\t\t\t<div class=\" elementor-element elementor-element-27f895e e-flex e-con-boxed e-con e-parent\" data-id=\"27f895e\" data-element_type=\"container\" data-e-type=\"container\">\n\t\t\t\t\t\t\t<div class=\"e-con-inner\">\n\t\t\t\t\t\t\t<div class=\" elementor-element elementor-element-ffbce34 e-con-full e-flex e-con e-child\" data-id=\"ffbce34\" data-element_type=\"container\" data-e-type=\"container\">\n\t\t\t\t\t<div class=\"elementor-element elementor-element-efcade6 h-100 elementor-widget elementor-widget-image\" data-id=\"efcade6\" data-element_type=\"widget\" data-e-type=\"widget\" data-widget_type=\"image.default\">\n\t\t\t\t<div class=\"elementor-widget-container\">\n\t\t\t\t\t\t\t\t\t\t\t\t\t\t\t<img fetchpriority=\"high\" decoding=\"async\" width=\"630\" height=\"500\" src=\"https:\/\/firatcapkin.com.tr\/ru\/wp-content\/uploads\/2022\/08\/2-3.jpg\" class=\"attachment-full size-full wp-image-2167\" alt=\"service image\" \/>\t\t\t\t\t\t\t\t\t\t\t\t\t\t\t<\/div>\n\t\t\t\t<\/div>\n\t\t\n\t\t\t<\/div>\n\t\t\t\t\t\t<div class=\" elementor-element elementor-element-0244f22 e-con-full e-flex e-con e-child\" data-id=\"0244f22\" data-element_type=\"container\" data-e-type=\"container\">\n\t\t\t\t\t<div class=\"elementor-element elementor-element-f9c9242 elementor-widget elementor-widget-heading\" data-id=\"f9c9242\" data-element_type=\"widget\" data-e-type=\"widget\" data-widget_type=\"heading.default\">\n\t\t\t\t<div class=\"elementor-widget-container\">\n\t\t\t\t\t<h2 class=\"elementor-heading-title elementor-size-default\">\u0413\u043e\u0440\u044f\u0447\u0438\u0439 \u0447\u0430\u0439 \u0432 \u0447\u0430\u0448\u043a\u0435<\/h2>\t\t\t\t<\/div>\n\t\t\t\t<\/div>\n\t\t\t\t<div class=\"elementor-element elementor-element-1d0d8bc elementor-widget elementor-widget-heading\" data-id=\"1d0d8bc\" data-element_type=\"widget\" data-e-type=\"widget\" data-widget_type=\"heading.default\">\n\t\t\t\t<div class=\"elementor-widget-container\">\n\t\t\t\t\t<p class=\"elementor-heading-title elementor-size-default\">\u041f\u0440\u044f\u043c\u043e\u0439 \u044d\u0444\u0438\u0440 \u2013 \u0410\u0432\u0442\u043e\u0440\u0441\u043a\u0430\u044f \u0431\u0435\u0441\u0435\u0434\u0430<\/p>\t\t\t\t<\/div>\n\t\t\t\t<\/div>\n\t\t\t\t<div class=\"elementor-element elementor-element-721adcb elementor-widget elementor-widget-text-editor\" data-id=\"721adcb\" data-element_type=\"widget\" data-e-type=\"widget\" data-widget_type=\"text-editor.default\">\n\t\t\t\t<div class=\"elementor-widget-container\">\n\t\t\t\t\t\t\t\t\t<h3>\u0422\u0435\u043c\u0430\u0442\u0438\u043a\u0430 \u043f\u0440\u043e\u0433\u0440\u0430\u043c\u043c\u044b<\/h3><p>\u0410\u0432\u0442\u043e\u0440\u0441\u043a\u0430\u044f \u043f\u0440\u043e\u0433\u0440\u0430\u043c\u043c\u0430\u00a0<em>\u00ab\u0413\u043e\u0440\u044f\u0447\u0438\u0439 \u0447\u0430\u0439 \u0432 \u0447\u0430\u0448\u043a\u0435\u00bb<\/em>, \u043f\u043e\u0434\u0433\u043e\u0442\u043e\u0432\u043b\u0435\u043d\u043d\u0430\u044f \u0438 \u0432\u0435\u0434\u0443\u0449\u0430\u044f\u0441\u044f\u00a0<strong>\u0424\u044b\u0440\u0430\u0442\u043e\u043c \u0427\u0430\u043f\u043a\u044b\u043d\u044b\u043c<\/strong>, \u0432\u044b\u0445\u043e\u0434\u0438\u0442 \u0432 \u043f\u0440\u044f\u043c\u043e\u043c \u044d\u0444\u0438\u0440\u0435 \u043d\u0430 \u043f\u043b\u0430\u0442\u0444\u043e\u0440\u043c\u0435 Instagram \u043a\u0430\u0436\u0434\u0443\u044e\u00a0<strong>\u0432\u0442\u043e\u0440\u043d\u0438\u043a \u0438 \u0447\u0435\u0442\u0432\u0435\u0440\u0433 \u0441 21:30 \u0434\u043e 22:30<\/strong>.<\/p><h3>\u0426\u0435\u043b\u044c \u043f\u0440\u043e\u0433\u0440\u0430\u043c\u043c\u044b<\/h3><p>\u041f\u0440\u043e\u0433\u0440\u0430\u043c\u043c\u0430 \u0431\u044b\u043b\u0430 \u0441\u043e\u0437\u0434\u0430\u043d\u0430 \u0432 \u043e\u0442\u0432\u0435\u0442 \u043d\u0430 \u0433\u043b\u043e\u0431\u0430\u043b\u044c\u043d\u044b\u0439 \u0441\u0430\u043d\u0438\u0442\u0430\u0440\u043d\u044b\u0439 \u043a\u0440\u0438\u0437\u0438\u0441, \u043a\u043e\u0433\u0434\u0430 \u043c\u043d\u043e\u0433\u0438\u0435 \u0438\u0437 \u043d\u0430\u0441 \u043e\u043a\u0430\u0437\u0430\u043b\u0438\u0441\u044c \u0437\u0430\u043c\u043a\u043d\u0443\u0442\u044b\u043c\u0438 \u0432 \u0441\u0432\u043e\u0438\u0445 \u0434\u043e\u043c\u0430\u0445. \u041e\u043d\u0430 \u043d\u0430\u043f\u0440\u0430\u0432\u043b\u0435\u043d\u0430 \u043d\u0430 \u0442\u043e, \u0447\u0442\u043e\u0431\u044b \u043e\u0431\u043b\u0435\u0433\u0447\u0438\u0442\u044c \u043f\u043e\u0432\u0441\u0435\u0434\u043d\u0435\u0432\u043d\u0443\u044e \u0436\u0438\u0437\u043d\u044c \u0437\u0440\u0438\u0442\u0435\u043b\u0435\u0439, \u043f\u043e\u0432\u044b\u0441\u0438\u0442\u044c \u0438\u0445 \u0438\u043d\u0442\u0435\u043b\u043b\u0435\u043a\u0442\u0443\u0430\u043b\u044c\u043d\u044b\u0439 \u0443\u0440\u043e\u0432\u0435\u043d\u044c \u0438 \u043f\u043e\u0434\u0435\u043b\u0438\u0442\u044c\u0441\u044f \u0430\u043a\u0442\u0443\u0430\u043b\u044c\u043d\u044b\u043c\u0438 \u0442\u0435\u043c\u0430\u043c\u0438 \u0432 \u0442\u0451\u043f\u043b\u043e\u0439, \u0438\u0441\u043a\u0440\u0435\u043d\u043d\u0435\u0439 \u0438 \u044e\u043c\u043e\u0440\u0438\u0441\u0442\u0438\u0447\u0435\u0441\u043a\u043e\u0439 \u0444\u043e\u0440\u043c\u0435.<\/p><h3>\u0424\u043e\u0440\u043c\u0430\u0442<\/h3><p>\u041a\u0430\u0436\u0434\u044b\u0439 \u0432\u044b\u043f\u0443\u0441\u043a \u0442\u0440\u0430\u043d\u0441\u043b\u0438\u0440\u0443\u0435\u0442\u0441\u044f \u0432 \u0444\u043e\u0440\u043c\u0430\u0442\u0435 \u0438\u043c\u043f\u0440\u043e\u0432\u0438\u0437\u0438\u0440\u043e\u0432\u0430\u043d\u043d\u043e\u0439 \u0431\u0435\u0441\u0435\u0434\u044b \u0441 \u043f\u0440\u0438\u0433\u043b\u0430\u0448\u0451\u043d\u043d\u044b\u043c\u0438 \u044d\u043a\u0441\u043f\u0435\u0440\u0442\u0430\u043c\u0438, \u0443\u0436\u0435 \u0437\u0430\u0440\u0435\u043a\u043e\u043c\u0435\u043d\u0434\u043e\u0432\u0430\u0432\u0448\u0438\u043c\u0438 \u0441\u0435\u0431\u044f \u0432 \u0441\u0432\u043e\u0438\u0445 \u043f\u0440\u043e\u0444\u0435\u0441\u0441\u0438\u043e\u043d\u0430\u043b\u044c\u043d\u044b\u0445 \u0441\u0444\u0435\u0440\u0430\u0445. \u041f\u0440\u043e\u0433\u0440\u0430\u043c\u043c\u0430 \u043e\u0442\u043b\u0438\u0447\u0430\u0435\u0442\u0441\u044f \u0436\u0438\u0432\u044b\u043c \u0445\u0430\u0440\u0430\u043a\u0442\u0435\u0440\u043e\u043c, \u0441\u043f\u043e\u043d\u0442\u0430\u043d\u043d\u044b\u043c \u0434\u0438\u0430\u043b\u043e\u0433\u043e\u043c \u0438 \u043f\u043e\u0434\u043b\u0438\u043d\u043d\u044b\u043c \u0432\u0437\u0430\u0438\u043c\u043e\u0434\u0435\u0439\u0441\u0442\u0432\u0438\u0435\u043c \u0441 \u0430\u0443\u0434\u0438\u0442\u043e\u0440\u0438\u0435\u0439.<\/p><h3>\u0410\u0443\u0434\u0438\u0442\u043e\u0440\u0438\u044f \u0438 \u043e\u0445\u0432\u0430\u0442<\/h3><p>\u0412 \u043f\u0440\u044f\u043c\u043e\u043c \u044d\u0444\u0438\u0440\u0435 \u0443\u0447\u0430\u0441\u0442\u0438\u0435 \u043f\u0440\u0438\u043d\u0438\u043c\u0430\u044e\u0442 \u043f\u0440\u0438\u043c\u0435\u0440\u043d\u043e\u00a0<strong>40\u201360 \u0437\u0440\u0438\u0442\u0435\u043b\u0435\u0439<\/strong>. \u041e\u0434\u043d\u0430\u043a\u043e \u0437\u0430\u043f\u0438\u0441\u0438 \u043f\u0435\u0440\u0435\u0434\u0430\u0447 \u043f\u043e\u0432\u0442\u043e\u0440\u043d\u043e \u043f\u0440\u043e\u0441\u043c\u0430\u0442\u0440\u0438\u0432\u0430\u044e\u0442\u0441\u044f \u0442\u0435\u043c\u0438, \u043a\u0442\u043e \u0438\u0449\u0435\u0442 \u043e\u0431\u0440\u0430\u0437\u043e\u0432\u0430\u0442\u0435\u043b\u044c\u043d\u044b\u0439 \u043a\u043e\u043d\u0442\u0435\u043d\u0442 \u0438\u043b\u0438 \u043b\u0451\u0433\u043a\u043e\u0435 \u0441\u043e\u043f\u0440\u043e\u0432\u043e\u0436\u0434\u0435\u043d\u0438\u0435 \u0432 \u0434\u043e\u0440\u043e\u0433\u0435. \u0412 \u0441\u0440\u0435\u0434\u043d\u0435\u043c, \u0432 \u0442\u0435\u0447\u0435\u043d\u0438\u0435 \u043d\u0435\u0434\u0435\u043b\u0438 \u043f\u043e\u0441\u043b\u0435 \u0442\u0440\u0430\u043d\u0441\u043b\u044f\u0446\u0438\u0438 \u043a\u0430\u0436\u0434\u044b\u0439 \u0432\u044b\u043f\u0443\u0441\u043a \u043d\u0430\u0431\u0438\u0440\u0430\u0435\u0442 \u043e\u043a\u043e\u043b\u043e\u00a0<strong>900 \u043f\u0440\u043e\u0441\u043c\u043e\u0442\u0440\u043e\u0432<\/strong>.<\/p>\t\t\t\t\t\t\t\t<\/div>\n\t\t\t\t<\/div>\n\t\t\t\t<div class=\"elementor-element elementor-element-c2a5924 elementor-widget elementor-widget-heading\" data-id=\"c2a5924\" data-element_type=\"widget\" data-e-type=\"widget\" data-widget_type=\"heading.default\">\n\t\t\t\t<div class=\"elementor-widget-container\">\n\t\t\t\t\t<p class=\"elementor-heading-title elementor-size-default\">\u0423\u0447\u0430\u0441\u0442\u0438\u0435z<br>\n\u0415\u0441\u043b\u0438 \u0432\u044b \u0445\u043e\u0442\u0435\u043b\u0438 \u0431\u044b \u0441\u0442\u0430\u0442\u044c \u0433\u043e\u0441\u0442\u0435\u043c \u043f\u0440\u043e\u0433\u0440\u0430\u043c\u043c\u044b \u00ab\u0413\u043e\u0440\u044f\u0447\u0438\u0439 \u0447\u0430\u0439 \u0432 \u0447\u0430\u0448\u043a\u0435\u00bb, \u043e\u0442\u043f\u0440\u0430\u0432\u044c\u0442\u0435, \u043f\u043e\u0436\u0430\u043b\u0443\u0439\u0441\u0442\u0430, \u043f\u0438\u0441\u044c\u043c\u043e \u043d\u0430 \u0430\u0434\u0440\u0435\u0441: firat@firatcapkin.com.tr.\n<\/p>\t\t\t\t<\/div>\n\t\t\t\t<\/div>\n\t\t\n\t\t\t<\/div>\n\t\t\t\t\t\t\t<\/div>\n\t\t\t\t\n\t\t\t<\/div>\n\t\t\t\t\t\t<div class=\" elementor-element elementor-element-46bb5f3 e-flex e-con-boxed e-con e-parent\" data-id=\"46bb5f3\" data-element_type=\"container\" data-e-type=\"container\">\n\t\t\t\t\t\t\t<div class=\"e-con-inner\">\n\t\t\t\t\t\t<div class=\"elementor-element elementor-element-703451e elementor-widget-laptop__width-initial elementor-widget elementor-widget-text-editor\" data-id=\"703451e\" data-element_type=\"widget\" data-e-type=\"widget\" data-widget_type=\"text-editor.default\">\n\t\t\t\t<div class=\"elementor-widget-container\">\n\t\t\t\t\t\t\t\t\t<strong>Ge\u00e7mi\u015ften Bug\u00fcne Program Konuklar\u0131\u00a0<em>(Alfabetik S\u0131rayla)<\/em><\/strong>\n<ul>\n \t<li><strong>Ahmet Cemal Dedeo\u011flu \u2013 Ozan \u00d6deme Sistemleri Y\u00f6netim Kurulu \u00dcyesi<\/strong><\/li>\n \t<li><strong>Alp Bulut \u2013 Ax\u0131x International COO<\/strong><\/li>\n \t<li><strong>Altay Ergen\u00e7 \u2013 E\u011fitmen I Dan\u0131\u015fman<\/strong><\/li>\n \t<li><strong>Artu\u011f \u00d6zeren \u2013 Tysenn Krupp CEO<\/strong><\/li>\n \t<li><strong>Aybar Dumlu \u2013 Sosyal Medya Uzman\u0131<\/strong><\/li>\n \t<li><strong>Aziz Ali Elya\u011futu \u2013 Akordeon Derne\u011fi Kurucusu<\/strong><\/li>\n \t<li><strong>Bahad\u0131r B\u00fclgin \u2013 Eczane Dan\u0131\u015fman\u0131<\/strong><\/li>\n \t<li><strong><a href=\"https:\/\/www.youtube.com\/watch?v=FEHedkM3zcE\" target=\"_blank\">Berk \u00d6zbek \u2013 Opera Sanat\u00e7\u0131s\u0131<\/a><\/strong><\/li>\n \t<li><strong>Cengiz Berk\u00fcn \u2013 MEF Okullar\u0131 Sahne Sanatlar\u0131 Direkt\u00f6r\u00fc<\/strong><\/li>\n \t<li><strong><a href=\"https:\/\/www.youtube.com\/watch?v=RIULHKwrJps\" target=\"_blank\">Cenk Mommarje \u2013 Art Direkt\u00f6r \u2013 Tasar\u0131mc\u0131<\/a>\n<\/strong><\/li>\n \t<li><strong>\u00c7i\u011fdem \u00c7ak\u0131r \u2013 Sosyolog<\/strong><\/li>\n \t<li><strong><a href=\"https:\/\/www.youtube.com\/watch?v=eLGCE_rDr80\" target=\"_blank\">Deniz Tavmen \u2013 Kurumsal E\u011fitmen \u2013 Konu\u015fmac\u0131<\/a>\n<\/strong><\/li>\n \t<li><strong>Dicle \u00c7apk\u0131n \u2013 JTI Krediler M\u00fcd\u00fcr\u00fc<\/strong><\/li>\n \t<li><strong><a href=\"https:\/\/www.youtube.com\/watch?v=WTvFZt0AXcE\" target=\"_blank\">Dilara Ya\u011fl\u0131c\u0131o\u011flu \u2013 Ki\u015fisel \u0130maj Dan\u0131\u015fman\u0131<\/a>\n<\/strong><\/li>\n \t<li><strong><a href=\"https:\/\/www.youtube.com\/watch?v=A8I88CB7c64\" target=\"_blank\">Dilek G\u00f6rmez \u2013 \u0130\u015f \u0130nsan\u0131 \u2013 Yazar<\/a>\n<\/strong><\/li>\n \t<li><strong><a href=\"https:\/\/www.youtube.com\/watch?v=vR6FYgyJq_4\" target=\"_blank\">Ahmet Hamdi \u00d6nay \u2013 KBB Cerrah\u0131<\/a><\/strong><\/li>\n \t<li><strong>Bora K\u00fc\u00e7\u00fckyaz\u0131c\u0131 \u2013 T\u0131p Doktoru ve Beyin Uzman\u0131<\/strong><\/li>\n \t<li><strong><a href=\"https:\/\/www.youtube.com\/watch?v=j2FRP6cHSzg\" target=\"_blank\">Nevzat Mazmano\u011flu \u2013 Dermatolog<\/a><\/strong><\/li>\n \t<li><strong>Sina Mengi \u2013 Estetik Cerrah<\/strong><\/li>\n \t<li><strong>\u015euayb Da\u011f\u0131stanl\u0131 \u2013 Alternatif T\u0131p Doktoru<\/strong><\/li>\n \t<li><strong>Merve Topak \u2013 Di\u015f Hekimi<\/strong><\/li>\n \t<li><strong><a href=\"https:\/\/www.youtube.com\/watch?v=EH-IadU16ps\" target=\"_blank\">G\u00fcl Kara \u2013 Eczac\u0131<\/a>\n<\/strong><\/li>\n \t<li><strong>\u0130brahim Uygun \u2013 Eczac\u0131<\/strong><\/li>\n \t<li><strong><a href=\"https:\/\/www.youtube.com\/watch?v=B4ndbtzDH9Y\" target=\"_blank\">Elvan Tongal \u2013 MEF Okullar\u0131 Genel M\u00fcd\u00fcr Yard\u0131mc\u0131s\u0131<\/a>\n<\/strong><\/li>\n \t<li><strong>Emel Kara \u2013 Diyetisyen<\/strong><\/li>\n \t<li><strong>Emre Orhan \u2013 Girne Amerikan Koleji E\u011fitim Direkt\u00f6r\u00fc<\/strong><\/li>\n \t<li><strong>Enver Bayatl\u0131 \u2013 Klinik Psikolog<\/strong><\/li>\n \t<li><strong>Enver Co\u015fkunsu \u2013 Syberian Welness \u00dclke Direkt\u00f6r\u00fc<\/strong><\/li>\n \t<li><strong><a href=\"https:\/\/www.youtube.com\/watch?v=b6krbUXYl6U\" target=\"_blank\">Erbay Bayramo\u011flu \u2013 \u0130\u015f \u0130nsan\u0131 \u2013 Pilot<\/a>\n<\/strong><\/li>\n \t<li><strong>Erhan Yaz\u0131c\u0131o\u011flu \u2013 Tiyatrocu \u2013 Y\u00f6netmen \u2013 Yazar \u2013 Akt\u00f6r<\/strong><\/li>\n<\/ul>\t\t\t\t\t\t\t\t<\/div>\n\t\t\t\t<\/div>\n\t\t\t\t<div class=\"elementor-element elementor-element-a7c0f92 elementor-widget-laptop__width-initial elementor-widget elementor-widget-spacer\" data-id=\"a7c0f92\" data-element_type=\"widget\" data-e-type=\"widget\" data-widget_type=\"spacer.default\">\n\t\t\t\t<div class=\"elementor-widget-container\">\n\t\t\t\t\t\t\t<div class=\"elementor-spacer\">\n\t\t\t<div class=\"elementor-spacer-inner\"><\/div>\n\t\t<\/div>\n\t\t\t\t\t\t<\/div>\n\t\t\t\t<\/div>\n\t\t\t\t<div class=\"elementor-element elementor-element-1f901b9 elementor-widget-laptop__width-initial elementor-widget elementor-widget-text-editor\" data-id=\"1f901b9\" data-element_type=\"widget\" data-e-type=\"widget\" data-widget_type=\"text-editor.default\">\n\t\t\t\t<div class=\"elementor-widget-container\">\n\t\t\t\t\t\t\t\t\t&nbsp;\n<ul>\n \t<li><strong><a href=\"https:\/\/www.youtube.com\/watch?v=sA1nmmMkRTQ&#038;t=639s\" target=\"_blank\">G\u00f6khan Berker \u2013 Y\u00f6netim Dan\u0131\u015fman\u0131<\/a>\n     <\/strong><\/li>\n \t<li><strong>Hakan Kaptan \u2013 Tiara M\u00fccevherat CEO<\/strong><\/li>\n \t<li><strong><a href=\"https:\/\/www.youtube.com\/watch?v=AHNp_Tqu8QU\" target=\"_blank\">Hatice Ko\u00e7 \u2013 Hati\u2019nin Mutfa\u011f\u0131 Kurucusu<\/a>\n     <\/strong><\/li>\n \t<li><strong><a href=\"https:\/\/www.youtube.com\/watch?v=en0WR08nE5s\" target=\"_blank\">\u0130pek Koza \u2013 Z\u00fcccaciye Derne\u011fi Genel Sekreteri<\/a>\n     <\/strong><\/li>\n \t<li><strong><a href=\"https:\/\/www.youtube.com\/watch?v=FU77LKkSQBM\" target=\"_blank\">\u0130rem Eken \u2013 Klinik Psikolog<\/a>\n     <\/strong><\/li>\n \t<li><strong><a href=\"https:\/\/www.youtube.com\/watch?v=NfB0bDH7-7w&#038;t=3s\" target=\"_blank\">\u0130smail Hakk\u0131 Kobako\u011flu \u2013 THY \u00d6\u011fretmen Pilot<\/a>\n     <\/strong><\/li>\n \t<li><strong><a href=\"https:\/\/www.youtube.com\/watch?v=opC3yFWgggQ&#038;t=4s\" target=\"_blank\">Kabuhan Canpolat \u2013 5in1 Canpolat CEO<\/a>\n     <\/strong><\/li>\n \t<li><strong><a href=\"https:\/\/www.youtube.com\/watch?v=56KrbHPxSUI\" target=\"_blank\">Kezban Eren \u00d6zbek \u2013 MTI Group CEO<\/a>\n     <\/strong><\/li>\n \t<li><strong><a href=\"https:\/\/www.youtube.com\/watch?v=asEx9iycwKc\" target=\"_blank\">Muhammet Fidan \u2013 Pfizer E\u011fitim Y\u00f6neticisi<\/a>\n     <\/strong><\/li>\n \t<li><strong>Murat Aky\u0131ld\u0131z \u2013 CEO<\/strong><\/li>\n \t<li><strong>Niso Estroti \u2013 Maden M\u00fchendisi<\/strong><\/li>\n \t<li><strong>Perim \u0130mer \u2013 \u0130nsan Kaynaklar\u0131 Dan\u0131\u015fman\u0131<\/strong><\/li>\n \t<li><strong><a href=\"https:\/\/www.youtube.com\/watch?v=ZTgVWr9qdHM\" target=\"_blank\">Dr. Berat Bir \u2013 Marmara \u00dcnv. \u00d6\u011fretim \u00dcyesi<\/a>\n     <\/strong><\/li>\n \t<li><strong>Dr. Y\u00fcksel G\u00fcr\u00fcz \u2013 Ege \u00dcnv. Parazitoloji. Ana Bilim Dal\u0131 \u00d6\u011fretim \u00dcyesi<\/strong><\/li>\n \t<li><strong>Seda Kobako\u011flu \u00d6nay \u2013 Neta\u015f E\u011fitim M\u00fcd\u00fcr\u00fc<\/strong><\/li>\n \t<li><strong><a href=\"https:\/\/www.youtube.com\/watch?v=JGWTdKZS_lo\" target=\"_blank\">Selda \u0130\u015f \u2013 Klinik Psikolog<\/a>\n     <\/strong><\/li>\n \t<li><strong>Sema \u00d6zer \u2013 Sporcu Ko\u00e7u<\/strong><\/li>\n \t<li><strong>Serbun Beh\u00e7et \u2013 Edit\u00f6r<\/strong><\/li>\n \t<li><strong><a href=\"https:\/\/www.youtube.com\/watch?v=TzPNTo1lPLU&#038;t=2s\" target=\"_blank\">Tar\u0131k Ali Co\u015fkun \u2013 Biyolog \u2013 Bay Ek\u015fi Maya<\/a>\n     <\/strong><\/li>\n \t<li><strong>Tekin Baransel \u2013 BJK \u2013 Kabata\u015f Vakf\u0131 Okullar\u0131 CEO<\/strong><\/li>\n \t<li><strong><a href=\"https:\/\/www.youtube.com\/watch?v=wCsQoiX56RM\" target=\"_blank\">Tolga \u00d6zbek \u2013 Havac\u0131l\u0131k Edit\u00f6r\u00fc<\/a>\n     <\/strong><\/li>\n \t<li><strong><a href=\"https:\/\/www.youtube.com\/watch?v=qDhDeE3z-bE&#038;t=2s\" target=\"_blank\">Ufuk Ko\u00e7 \u2013 100. Fakt\u00f6r E\u011fitim ve Dan\u0131\u015fmanl\u0131k Kurucusu<\/a>\n     <\/strong><\/li>\n \t<li><strong><a href=\"https:\/\/www.youtube.com\/watch?v=WdZDdZLJ2UQ&#038;t=6s\" target=\"_blank\">\u00dcnal Atabay \u2013 Yazar I Stratejist I Emekli Kurmay Albay<\/a>\n     <\/strong><\/li>\n \t<li><strong>Yi\u011fit Tavuk\u00e7uo\u011flu \u2013 Tavuk\u00e7uo\u011flu \u0130n\u015faat CEO<\/strong><\/li>\n \t<li><strong>Z\u00f6hrab H\u00fcseynov \u2013 Optimal Electronics \u2013 E\u011fitim Direkt\u00f6r\u00fc<\/strong><\/li>\n<\/ul>\t\t\t\t\t\t\t\t<\/div>\n\t\t\t\t<\/div>\n\t\t\t\t\t\t<\/div>\n\t\t\t\t\n\t\t\t<\/div>\n\t\t\t\t\t\t<div class=\" elementor-element elementor-element-8b18248 e-flex e-con-boxed e-con e-parent\" data-stretch=\"full\" data-stretch-width=\"0\" data-id=\"8b18248\" data-element_type=\"container\" data-e-type=\"container\">\n\t\t\t\t\t\t\t<div class=\"e-con-inner\">\n\t\t\t\t\t\t<div class=\"elementor-element elementor-element-9458c3d elementor-widget__width-auto elementor-widget elementor-widget-udesign_widget_button\" data-id=\"9458c3d\" data-element_type=\"widget\" data-e-type=\"widget\" data-widget_type=\"udesign_widget_button.default\">\n\t\t\t\t<div class=\"elementor-widget-container\">\n\t\t\t\t\t<a class=\"btn btn-md btn-icon btn-icon-right btn-slide-right\" href=\"https:\/\/firatcapkin.com.tr\/ru\/contact-us\/\" ><span > \u043a\u043e\u043c\u043c\u0443\u043d\u0438\u043a\u0430\u0446\u0438\u044f<\/span><i class=\"  u-icon-long-arrow-right\"><\/i><\/a>\t\t\t\t<\/div>\n\t\t\t\t<\/div>\n\t\t\t\t\t\t<\/div>\n\t\t\t\t\n\t\t\t<\/div>\n\t\t\t\t\t<\/div>\n\t\t","protected":false},"excerpt":{"rendered":"<p>\u041f\u0440\u044f\u043c\u043e\u0439 \u044d\u0444\u0438\u0440 \u2013 \u0410\u0432\u0442\u043e\u0440\u0441\u043a\u0430\u044f \u0431\u0435\u0441\u0435\u0434\u0430 \u0422\u0435\u043c\u0430\u0442\u0438\u043a\u0430 \u043f\u0440\u043e\u0433\u0440\u0430\u043c\u043c\u044b \u0410\u0432\u0442\u043e\u0440\u0441\u043a\u0430\u044f \u043f\u0440\u043e\u0433\u0440\u0430\u043c\u043c\u0430\u00a0\u00ab\u0413\u043e\u0440\u044f\u0447\u0438\u0439 \u0447\u0430\u0439 \u0432 \u0447\u0430\u0448\u043a\u0435\u00bb, \u043f\u043e\u0434\u0433\u043e\u0442\u043e\u0432\u043b\u0435\u043d\u043d\u0430\u044f \u0438 \u0432\u0435\u0434\u0443\u0449\u0430\u044f\u0441\u044f\u00a0\u0424\u044b\u0440\u0430\u0442\u043e\u043c \u0427\u0430\u043f\u043a\u044b\u043d\u044b\u043c, \u0432\u044b\u0445\u043e\u0434\u0438\u0442 \u0432 \u043f\u0440\u044f\u043c\u043e\u043c \u044d\u0444\u0438\u0440\u0435 \u043d\u0430 \u043f\u043b\u0430\u0442\u0444\u043e\u0440\u043c\u0435 Instagram \u043a\u0430\u0436\u0434\u0443\u044e\u00a0\u0432\u0442\u043e\u0440\u043d\u0438\u043a \u0438 \u0447\u0435\u0442\u0432\u0435\u0440\u0433 \u0441 21:30 \u0434\u043e 22:30. \u0426\u0435\u043b\u044c \u043f\u0440\u043e\u0433\u0440\u0430\u043c\u043c\u044b \u041f\u0440\u043e\u0433\u0440\u0430\u043c\u043c\u0430 \u0431\u044b\u043b\u0430 \u0441\u043e\u0437\u0434\u0430\u043d\u0430 \u0432 \u043e\u0442\u0432\u0435\u0442 \u043d\u0430 \u0433\u043b\u043e\u0431\u0430\u043b\u044c\u043d\u044b\u0439 \u0441\u0430\u043d\u0438\u0442\u0430\u0440\u043d\u044b\u0439 \u043a\u0440\u0438\u0437\u0438\u0441, \u043a\u043e\u0433\u0434\u0430 \u043c\u043d\u043e\u0433\u0438\u0435 \u0438\u0437 \u043d\u0430\u0441 \u043e\u043a\u0430\u0437\u0430\u043b\u0438\u0441\u044c \u0437\u0430\u043c\u043a\u043d\u0443\u0442\u044b\u043c\u0438 \u0432 \u0441\u0432\u043e\u0438\u0445 \u0434\u043e\u043c\u0430\u0445. \u041e\u043d\u0430 \u043d\u0430\u043f\u0440\u0430\u0432\u043b\u0435\u043d\u0430 \u043d\u0430 \u0442\u043e, \u0447\u0442\u043e\u0431\u044b [&hellip;]<\/p>\n","protected":false},"author":1,"featured_media":0,"parent":123,"menu_order":0,"comment_status":"closed","ping_status":"closed","template":"","meta":{"_acf_changed":false,"footnotes":""},"class_list":["post-2300","page","type-page","status-publish","hentry"],"acf":[],"_links":{"self":[{"href":"https:\/\/firatcapkin.com.tr\/ru\/wp-json\/wp\/v2\/pages\/2300","targetHints":{"allow":["GET"]}}],"collection":[{"href":"https:\/\/firatcapkin.com.tr\/ru\/wp-json\/wp\/v2\/pages"}],"about":[{"href":"https:\/\/firatcapkin.com.tr\/ru\/wp-json\/wp\/v2\/types\/page"}],"author":[{"embeddable":true,"href":"https:\/\/firatcapkin.com.tr\/ru\/wp-json\/wp\/v2\/users\/1"}],"replies":[{"embeddable":true,"href":"https:\/\/firatcapkin.com.tr\/ru\/wp-json\/wp\/v2\/comments?post=2300"}],"version-history":[{"count":53,"href":"https:\/\/firatcapkin.com.tr\/ru\/wp-json\/wp\/v2\/pages\/2300\/revisions"}],"predecessor-version":[{"id":13199,"href":"https:\/\/firatcapkin.com.tr\/ru\/wp-json\/wp\/v2\/pages\/2300\/revisions\/13199"}],"up":[{"embeddable":true,"href":"https:\/\/firatcapkin.com.tr\/ru\/wp-json\/wp\/v2\/pages\/123"}],"wp:attachment":[{"href":"https:\/\/firatcapkin.com.tr\/ru\/wp-json\/wp\/v2\/media?parent=2300"}],"curies":[{"name":"wp","href":"https:\/\/api.w.org\/{rel}","templated":true}]}}